{"id":11277,"date":"2024-11-12T16:11:19","date_gmt":"2024-11-12T14:11:19","guid":{"rendered":"https:\/\/scottysdoggoods.com\/product\/dream-cream\/"},"modified":"2025-12-02T01:03:15","modified_gmt":"2025-12-02T00:03:15","slug":"dream-cream","status":"publish","type":"product","link":"https:\/\/scottysdoggoods.com\/en\/shop\/wash-health\/care\/dream-cream\/","title":{"rendered":"Dream Cream"},"content":{"rendered":"<div class=\"product-block\">\n<div class=\"product-block\">CALMING CICATRIZING Nourishing CR\u00c8ME 50 ml.<br \/>One product, a thousand benefits! This fantastic cream is a dream for dogs suffering from dry paws, nose and skin, or prone to constant dermatitis. Haven't we convinced you? It is non-greasy, absorbs super fast and can be licked off without any problems!<\/div>\n<div class=\"product-block\">\n<ul>\n<li>snail slime as a natural healing agent<\/li>\n<li>3% hyaluronic acid, to hydrate and plump up<\/li>\n<li>shea butter, anti-inflammatory and nourishing<\/li>\n<li>jojoba oil, moisturising cream with film-forming and protective effect<\/li>\n<\/ul>\n<\/div>\n<div class=\"product-block\"><\/div>\n<div class=\"product-block\"><\/div>\n<div class=\"product-block\"><strong><em>ENGLISH TRANSLATION<\/em><\/strong><\/div>\n<div class=\"product-block\">SOOTHING CICATRIZING NOURISHING CREAM 50 ml.<\/div>\n<div class=\"product-block\">\n<div class=\"rte\">\n<div>\n<div><span data-sheets-value=\"{&quot;1&quot;:2,&quot;2&quot;:&quot;Versatile e multiuso, So So Soft \u00e9 uno spray ricco di cheratina e lisina, che assicura un effetto ristrutturante e riempitivo del pelo. Gli acidi della frutta hanno un effetto filmante, che rende il pelo luminoso, lucido e sano.&quot;}\" data-sheets-userformat=\"{&quot;2&quot;:897,&quot;3&quot;:{&quot;1&quot;:0},&quot;10&quot;:1,&quot;11&quot;:4,&quot;12&quot;:0}\" mce-data-marked=\"1\">One product, a thousand benefits! This fantastic cream is a dream for dogs that suffer from dry paws, nose and skin, or are prone to constant dermatitis.<\/span><span>\u00a0<\/span>Have we not convinced you? It is non-greasy and absorbs super fast and can be licked off without any problems!<\/div>\n<div>\n<ul>\n<li>snail slime as a natural healing agent<\/li>\n<li><span data-sheets-value=\"{&quot;1&quot;:2,&quot;2&quot;:&quot;Versatile e multiuso, So So Soft \u00e9 uno spray ricco di cheratina e lisina, che assicura un effetto ristrutturante e riempitivo del pelo. Gli acidi della frutta hanno un effetto filmante, che rende il pelo luminoso, lucido e sano.&quot;}\" data-sheets-userformat=\"{&quot;2&quot;:897,&quot;3&quot;:{&quot;1&quot;:0},&quot;10&quot;:1,&quot;11&quot;:4,&quot;12&quot;:0}\" mce-data-marked=\"1\">3% hyaluronic acid , to hydrate and plump<\/span><\/li>\n<li><span data-sheets-value=\"{&quot;1&quot;:2,&quot;2&quot;:&quot;Versatile e multiuso, So So Soft \u00e9 uno spray ricco di cheratina e lisina, che assicura un effetto ristrutturante e riempitivo del pelo. Gli acidi della frutta hanno un effetto filmante, che rende il pelo luminoso, lucido e sano.&quot;}\" data-sheets-userformat=\"{&quot;2&quot;:897,&quot;3&quot;:{&quot;1&quot;:0},&quot;10&quot;:1,&quot;11&quot;:4,&quot;12&quot;:0}\" mce-data-marked=\"1\">shea butter , anti-inflammatory and nourishing<\/span><\/li>\n<li><span data-sheets-value=\"{&quot;1&quot;:2,&quot;2&quot;:&quot;Versatile e multiuso, So So Soft \u00e9 uno spray ricco di cheratina e lisina, che assicura un effetto ristrutturante e riempitivo del pelo. Gli acidi della frutta hanno un effetto filmante, che rende il pelo luminoso, lucido e sano.&quot;}\" data-sheets-userformat=\"{&quot;2&quot;:897,&quot;3&quot;:{&quot;1&quot;:0},&quot;10&quot;:1,&quot;11&quot;:4,&quot;12&quot;:0}\" mce-data-marked=\"1\">jojoba oil , moisturiser with film-forming and protective action<\/span><\/li>\n<\/ul>\n<\/div>\n<\/div>\n<\/div>\n<\/div>\n<\/div>","protected":false},"excerpt":{"rendered":"<p>KALMERENDE CICATRIZENDE VOEDENDE CR\u00c8ME 50 ml.E\u00e9n product, duizend voordelen! Deze fantastische cr\u00e8me is een droom voor honden die last hebben van droge poten, neus en huid, of vatbaar zijn voor constante dermatitis. Hebben wij u niet overtuigd? Het is niet vettig, trekt supersnel in en is zonder problemen af te likken! slakkenslijm als natuurlijk genezend [&hellip;]<\/p>\n","protected":false},"featured_media":18577,"comment_status":"closed","ping_status":"closed","template":"","meta":[],"product_brand":[],"product_cat":[556,405,802],"product_tag":[],"giftcard-category":[],"class_list":{"0":"post-11277","1":"product","2":"type-product","3":"status-publish","4":"has-post-thumbnail","6":"product_cat-care","7":"product_cat-wash-health","8":"product_cat-sale","9":"pa_merk-jampy","11":"first","12":"instock","13":"sale","14":"taxable","15":"shipping-taxable","16":"purchasable","17":"product-type-simple"},"supplier_id":null,"supplier_sku":"","barcode":null,"atum_controlled":true,"out_stock_date":null,"out_stock_threshold":null,"inheritable":false,"inbound_stock":null,"stock_on_hold":0,"sold_today":0,"sales_last_days":0,"reserved_stock":null,"customer_returns":null,"warehouse_damage":null,"lost_in_post":null,"other_logs":null,"out_stock_days":0,"lost_sales":0,"has_location":null,"update_date":"2026-04-18T00:45:12","atum_locations":[],"atum_stock_status":"instock","restock_status":false,"low_stock_amount":"","sales_update_date":"2026-04-18T00:45:12","calc_backorders":null,"_links":{"self":[{"href":"https:\/\/scottysdoggoods.com\/en\/wp-json\/wp\/v2\/product\/11277","targetHints":{"allow":["GET"]}}],"collection":[{"href":"https:\/\/scottysdoggoods.com\/en\/wp-json\/wp\/v2\/product"}],"about":[{"href":"https:\/\/scottysdoggoods.com\/en\/wp-json\/wp\/v2\/types\/product"}],"replies":[{"embeddable":true,"href":"https:\/\/scottysdoggoods.com\/en\/wp-json\/wp\/v2\/comments?post=11277"}],"version-history":[{"count":4,"href":"https:\/\/scottysdoggoods.com\/en\/wp-json\/wp\/v2\/product\/11277\/revisions"}],"predecessor-version":[{"id":19574,"href":"https:\/\/scottysdoggoods.com\/en\/wp-json\/wp\/v2\/product\/11277\/revisions\/19574"}],"wp:featuredmedia":[{"embeddable":true,"href":"https:\/\/scottysdoggoods.com\/en\/wp-json\/wp\/v2\/media\/18577"}],"wp:attachment":[{"href":"https:\/\/scottysdoggoods.com\/en\/wp-json\/wp\/v2\/media?parent=11277"}],"wp:term":[{"taxonomy":"product_brand","embeddable":true,"href":"https:\/\/scottysdoggoods.com\/en\/wp-json\/wp\/v2\/product_brand?post=11277"},{"taxonomy":"product_cat","embeddable":true,"href":"https:\/\/scottysdoggoods.com\/en\/wp-json\/wp\/v2\/product_cat?post=11277"},{"taxonomy":"product_tag","embeddable":true,"href":"https:\/\/scottysdoggoods.com\/en\/wp-json\/wp\/v2\/product_tag?post=11277"},{"taxonomy":"giftcard-category","embeddable":true,"href":"https:\/\/scottysdoggoods.com\/en\/wp-json\/wp\/v2\/giftcard-category?post=11277"}],"curies":[{"name":"wp","href":"https:\/\/api.w.org\/{rel}","templated":true}]}}