{"id":11284,"date":"2024-11-12T16:11:34","date_gmt":"2024-11-12T14:11:34","guid":{"rendered":"https:\/\/scottysdoggoods.com\/product\/lfloof-whiff-natural-orange-oil-dog-shampoo\/"},"modified":"2025-12-02T01:03:15","modified_gmt":"2025-12-02T00:03:15","slug":"lfloof-whiff-natural-orange-oil-dog-shampoo","status":"publish","type":"product","link":"https:\/\/scottysdoggoods.com\/en\/shop\/wash-health\/care\/lfloof-whiff-natural-orange-oil-dog-shampoo\/","title":{"rendered":"L'floof Whiff Natural Orange Oil Dog Shampoo"},"content":{"rendered":"<p>L'floof sweet orange shampoo is based on natural ingredients and formulated with pure essential oil and aloe vera to gently clean and deodorise the coat and help maintain a healthy coat and skin.<\/p>\n<p>This product is paraben-free, SLS-free, animal-tested and free of animal ingredients.<\/p>\n<p>Apply directly to a wet coat and gently massage shampoo into the coat until a foamy lather forms. Rinse away with warm water. Take care and avoid eyes. Suitable for dogs from 12 weeks of age.<\/p>\n<p>500 ml \/ 16.9 fl oz<\/p>\n<p>\u00a0<\/p>\n<p><strong><em>ENGLISH TRANSLATION<\/em>\u00a0<\/strong><\/p>\n<p><span>L'floof sweet orange shampoo is based on naturally derived ingredients and formulated with pure essential oil and aloe vera to gently cleanse and deodorise the fur and help maintain a healthy coat &amp; skin. <\/span><\/p>\n<p><span>This product is paraben free, SLS free, cruelty free, and free from animal derived ingredients. <\/span><\/p>\n<p><span>Apply directly to a wet coat and gently massage shampoo into the fur until a foamy lather. Rinse away with warm water. Be careful to avoid eyes. Suitable for dogs over 12 weeks. <\/span><\/p>\n<p><span><strong>500ml<\/strong> \/ 16.9fl oz<\/span><\/p>","protected":false},"excerpt":{"rendered":"<p>L\u2019floof zoete sinaasappelshampoo is gebaseerd op natuurlijke ingredi\u00ebnten en geformuleerd met pure essenti\u00eble olie en alo\u00eb vera om de vacht zachtjes te reinigen en te ontgeuren en een gezonde vacht en huid te helpen behouden. Dit product is parabenenvrij, SLS-vrij, dierproefvrij en vrij van dierlijke ingredi\u00ebnten. Direct op een natte vacht aanbrengen en shampoo zachtjes [&hellip;]<\/p>\n","protected":false},"featured_media":11283,"comment_status":"open","ping_status":"closed","template":"","meta":[],"product_brand":[],"product_cat":[556,405],"product_tag":[670],"giftcard-category":[],"class_list":{"0":"post-11284","1":"product","2":"type-product","3":"status-publish","4":"has-post-thumbnail","6":"product_cat-care","7":"product_cat-wash-health","8":"product_tag-lfloof","9":"pa_merk-lfloof","11":"first","12":"instock","13":"taxable","14":"shipping-taxable","15":"purchasable","16":"product-type-simple"},"supplier_id":null,"supplier_sku":"","barcode":null,"atum_controlled":true,"out_stock_date":null,"out_stock_threshold":null,"inheritable":false,"inbound_stock":null,"stock_on_hold":0,"sold_today":0,"sales_last_days":0,"reserved_stock":null,"customer_returns":null,"warehouse_damage":null,"lost_in_post":null,"other_logs":null,"out_stock_days":0,"lost_sales":0,"has_location":null,"update_date":"2026-04-18T00:45:12","atum_locations":[],"atum_stock_status":"instock","restock_status":false,"low_stock_amount":"","sales_update_date":"2026-04-18T00:45:12","calc_backorders":null,"_links":{"self":[{"href":"https:\/\/scottysdoggoods.com\/en\/wp-json\/wp\/v2\/product\/11284","targetHints":{"allow":["GET"]}}],"collection":[{"href":"https:\/\/scottysdoggoods.com\/en\/wp-json\/wp\/v2\/product"}],"about":[{"href":"https:\/\/scottysdoggoods.com\/en\/wp-json\/wp\/v2\/types\/product"}],"replies":[{"embeddable":true,"href":"https:\/\/scottysdoggoods.com\/en\/wp-json\/wp\/v2\/comments?post=11284"}],"version-history":[{"count":2,"href":"https:\/\/scottysdoggoods.com\/en\/wp-json\/wp\/v2\/product\/11284\/revisions"}],"predecessor-version":[{"id":17746,"href":"https:\/\/scottysdoggoods.com\/en\/wp-json\/wp\/v2\/product\/11284\/revisions\/17746"}],"wp:featuredmedia":[{"embeddable":true,"href":"https:\/\/scottysdoggoods.com\/en\/wp-json\/wp\/v2\/media\/11283"}],"wp:attachment":[{"href":"https:\/\/scottysdoggoods.com\/en\/wp-json\/wp\/v2\/media?parent=11284"}],"wp:term":[{"taxonomy":"product_brand","embeddable":true,"href":"https:\/\/scottysdoggoods.com\/en\/wp-json\/wp\/v2\/product_brand?post=11284"},{"taxonomy":"product_cat","embeddable":true,"href":"https:\/\/scottysdoggoods.com\/en\/wp-json\/wp\/v2\/product_cat?post=11284"},{"taxonomy":"product_tag","embeddable":true,"href":"https:\/\/scottysdoggoods.com\/en\/wp-json\/wp\/v2\/product_tag?post=11284"},{"taxonomy":"giftcard-category","embeddable":true,"href":"https:\/\/scottysdoggoods.com\/en\/wp-json\/wp\/v2\/giftcard-category?post=11284"}],"curies":[{"name":"wp","href":"https:\/\/api.w.org\/{rel}","templated":true}]}}