{"id":11577,"date":"2024-11-12T16:19:22","date_gmt":"2024-11-12T14:19:22","guid":{"rendered":"https:\/\/scottysdoggoods.com\/product\/go-portable-bowls-sand\/"},"modified":"2026-02-17T15:43:42","modified_gmt":"2026-02-17T14:43:42","slug":"go-portable-bowls-sand","status":"publish","type":"product","link":"https:\/\/scottysdoggoods.com\/en\/shop\/travel\/go-portable-bowls-sand\/","title":{"rendered":"Sand Go Portable Bowls"},"content":{"rendered":"<p>Get ready to go! anywhere conveniently with our foldable silicone feeding bowl. It features two bowls, one for food and one for water. This double feeding bowl is perfect for taking your dog outside to eat and drink. It is also easy to pack and clean. This foldable dog bowl is made of fancy silicone and rolls up, but can be easily expanded for use in large or small spaces. A silicone loop is attached, making attaching this item to belts, bags and even leashes a breeze. We can't wait to see where you go!<\/p>\n<p><strong>functions:<\/strong><\/p>\n<ul>\n<li>Durable silicon<\/li>\n<li>Foldable for easy packing<\/li>\n<li>Use for food or water<\/li>\n<li>Can be attached to equipment for easy transport on the move<\/li>\n<li>Lightweight<\/li>\n<\/ul>\n<p>\u00a0<\/p>\n<p><strong><em>ENGLISH TRANSLATION<\/em>\u00a0<\/strong><\/p>\n<p><span>Get ready to GO anywhere conveniently with our silicone collapsible food bowl. It features two bowls, one for food and one for water. This double bowl is perfect for taking your dog outside to eat and drink. It's also easy to pack and clean. Made from chic silicone, this collapsible dog bowl rolls up, but can be easily expanded for use in large or small spaces. A silicon loop is attached to makes fastening this item to belts, bags, and even leashes a breeze. We can't wait to see where you GO!<\/span><\/p>\n<p><span>features:<\/span><\/p>\n<div class=\"benefit-item\">\n<ul>\n<li><span>Durable silicone<\/span><\/li>\n<li>Collapsible for easy packing<\/li>\n<li>Use for food or water<\/li>\n<li>Attaches to gear for easy transport on the go<\/li>\n<li>Lightweight<\/li>\n<\/ul>\n<\/div>","protected":false},"excerpt":{"rendered":"<p>Maak je klaar om te gaan! overal handig met onze opvouwbare siliconen voerbak. Het beschikt over twee kommen, \u00e9\u00e9n voor voedsel en \u00e9\u00e9n voor water. Deze dubbele voerbak is perfect om uw hond mee naar buiten te nemen om te eten en te drinken. Het is ook gemakkelijk in te pakken en schoon te maken. [&hellip;]<\/p>\n","protected":false},"featured_media":11571,"comment_status":"open","ping_status":"closed","template":"","meta":[],"product_brand":[],"product_cat":[473],"product_tag":[709],"giftcard-category":[],"class_list":{"0":"post-11577","1":"product","2":"type-product","3":"status-publish","4":"has-post-thumbnail","6":"product_cat-travel","7":"product_tag-maxbone","8":"pa_merk-maxbone","10":"first","11":"instock","12":"taxable","13":"shipping-taxable","14":"purchasable","15":"product-type-simple"},"supplier_id":null,"supplier_sku":"","barcode":null,"atum_controlled":true,"out_stock_date":null,"out_stock_threshold":null,"inheritable":false,"inbound_stock":null,"stock_on_hold":0,"sold_today":0,"sales_last_days":0,"reserved_stock":null,"customer_returns":null,"warehouse_damage":null,"lost_in_post":null,"other_logs":null,"out_stock_days":0,"lost_sales":0,"has_location":null,"update_date":"2026-04-18T00:45:20","atum_locations":[],"atum_stock_status":"instock","restock_status":false,"low_stock_amount":"","sales_update_date":"2026-04-18T00:45:20","calc_backorders":null,"_links":{"self":[{"href":"https:\/\/scottysdoggoods.com\/en\/wp-json\/wp\/v2\/product\/11577","targetHints":{"allow":["GET"]}}],"collection":[{"href":"https:\/\/scottysdoggoods.com\/en\/wp-json\/wp\/v2\/product"}],"about":[{"href":"https:\/\/scottysdoggoods.com\/en\/wp-json\/wp\/v2\/types\/product"}],"replies":[{"embeddable":true,"href":"https:\/\/scottysdoggoods.com\/en\/wp-json\/wp\/v2\/comments?post=11577"}],"version-history":[{"count":2,"href":"https:\/\/scottysdoggoods.com\/en\/wp-json\/wp\/v2\/product\/11577\/revisions"}],"predecessor-version":[{"id":18188,"href":"https:\/\/scottysdoggoods.com\/en\/wp-json\/wp\/v2\/product\/11577\/revisions\/18188"}],"wp:featuredmedia":[{"embeddable":true,"href":"https:\/\/scottysdoggoods.com\/en\/wp-json\/wp\/v2\/media\/11571"}],"wp:attachment":[{"href":"https:\/\/scottysdoggoods.com\/en\/wp-json\/wp\/v2\/media?parent=11577"}],"wp:term":[{"taxonomy":"product_brand","embeddable":true,"href":"https:\/\/scottysdoggoods.com\/en\/wp-json\/wp\/v2\/product_brand?post=11577"},{"taxonomy":"product_cat","embeddable":true,"href":"https:\/\/scottysdoggoods.com\/en\/wp-json\/wp\/v2\/product_cat?post=11577"},{"taxonomy":"product_tag","embeddable":true,"href":"https:\/\/scottysdoggoods.com\/en\/wp-json\/wp\/v2\/product_tag?post=11577"},{"taxonomy":"giftcard-category","embeddable":true,"href":"https:\/\/scottysdoggoods.com\/en\/wp-json\/wp\/v2\/giftcard-category?post=11577"}],"curies":[{"name":"wp","href":"https:\/\/api.w.org\/{rel}","templated":true}]}}