{"id":15805,"date":"2024-11-12T17:41:15","date_gmt":"2024-11-12T16:41:15","guid":{"rendered":"https:\/\/scottysdoggoods.com\/product\/100-lamb-dog-treats\/"},"modified":"2025-12-17T14:25:52","modified_gmt":"2025-12-17T13:25:52","slug":"100-lamb-dog-treats","status":"publish","type":"product","link":"https:\/\/scottysdoggoods.com\/en\/shop\/eat\/treats\/100-lamb-dog-treats\/","title":{"rendered":"100% Lamb Dog Treats"},"content":{"rendered":"<p>Lamb - Single-ingredient dog treats<br \/>100% lamb dog treats - Rich in iron, zinc, selenium, vitamin B12, niacin and folic acid. Lamb is ideal for muscle development and maintenance, as well as cardiovascular and neurological functions. Perfect treat for all dogs, especially those with sensitive stomachs.<\/p>\n<p>Healthy treats for cats and dogs<\/p>\n<p>Pala's single-ingredient treats are perfect for all pets - both dogs and cats love them, whether as part of their meals or as a healthy snack!<\/p>\n<p>Ingredients<br \/>Lamb (100%)<\/p>\n<p>Analytical constituents<br \/>Crude protein: 49.8%<br \/>Crude fat: 35.5%<br \/>Moisture: 10%<br \/>Axle: 3%<br \/>Carbohydrates: 1.7%<br \/>kcal ME \/ kg: 5250<\/p>\n<p>Storage and processing<br \/>Store in a cool, dry place. Keep the bag closed after opening and consume within 2 weeks.<\/p>\n<p>100 g<\/p>\n<p>\u2013<\/p>\n<p>Lamb - Single Ingredient Dog Treats<br \/>100% Lamb dog treats - Rich in iron, zinc, selenium, Vitamin B12, niacin and folate. Lamb is ideal for muscular development and maintenance, as well as cardiovascular and neurological function. Perfect treat for all dogs, especially those with a sensitive stomach.<\/p>\n<p>Healthy treats for cats and dogs<\/p>\n<p>Pala's single-ingredient treats are perfect for all pets - both dogs and cats love them, whether as part of their meals or as healthy snacks!<\/p>\n<p>Ingredients<br \/>Lamb (100%)<\/p>\n<p>Analytical Constituents<br \/>Crude Protein: 49.8%<br \/>Crude Fat: 35.5%<br \/>Moisture: 10%<br \/>Ash: 3%<br \/>Carbohydrates: 1.7%<br \/>kcal ME \/ Kg: 5250\u00a0<\/p>\n<p>Storage &amp; handling<br \/>Store in a cool dry place. Keep bag closed after opening and consume within 2 weeks.<\/p>\n<p>100g<\/p>","protected":false},"excerpt":{"rendered":"<p>Lam &#8211; Hondensnoepjes met \u00e9\u00e9n ingredi\u00ebnt100% lamshondensnoepjes &#8211; Rijk aan ijzer, zink, selenium, vitamine B12, niacine en foliumzuur. Lam is ideaal voor de ontwikkeling en het onderhoud van spieren, evenals voor cardiovasculaire en neurologische functies. Perfecte traktatie voor alle honden, vooral die met een gevoelige maag. Gezonde traktaties voor katten en honden De traktaties met [&hellip;]<\/p>\n","protected":false},"featured_media":15804,"comment_status":"closed","ping_status":"closed","template":"","meta":[],"product_brand":[],"product_cat":[836,157,285],"product_tag":[689],"giftcard-category":[],"class_list":{"0":"post-15805","1":"product","2":"type-product","3":"status-publish","4":"has-post-thumbnail","6":"product_cat-best-sellers","7":"product_cat-eat","8":"product_cat-treats","9":"product_tag-pala","10":"pa_merk-pala","12":"first","13":"instock","14":"taxable","15":"shipping-taxable","16":"purchasable","17":"product-type-simple"},"supplier_id":null,"supplier_sku":"","barcode":null,"atum_controlled":true,"out_stock_date":null,"out_stock_threshold":null,"inheritable":false,"inbound_stock":null,"stock_on_hold":0,"sold_today":0,"sales_last_days":0,"reserved_stock":null,"customer_returns":null,"warehouse_damage":null,"lost_in_post":null,"other_logs":null,"out_stock_days":0,"lost_sales":0,"has_location":null,"update_date":"2026-04-19T00:46:26","atum_locations":[],"atum_stock_status":"instock","restock_status":false,"low_stock_amount":"","sales_update_date":"2026-04-19T00:46:26","calc_backorders":null,"_links":{"self":[{"href":"https:\/\/scottysdoggoods.com\/en\/wp-json\/wp\/v2\/product\/15805","targetHints":{"allow":["GET"]}}],"collection":[{"href":"https:\/\/scottysdoggoods.com\/en\/wp-json\/wp\/v2\/product"}],"about":[{"href":"https:\/\/scottysdoggoods.com\/en\/wp-json\/wp\/v2\/types\/product"}],"replies":[{"embeddable":true,"href":"https:\/\/scottysdoggoods.com\/en\/wp-json\/wp\/v2\/comments?post=15805"}],"version-history":[{"count":3,"href":"https:\/\/scottysdoggoods.com\/en\/wp-json\/wp\/v2\/product\/15805\/revisions"}],"predecessor-version":[{"id":20842,"href":"https:\/\/scottysdoggoods.com\/en\/wp-json\/wp\/v2\/product\/15805\/revisions\/20842"}],"wp:featuredmedia":[{"embeddable":true,"href":"https:\/\/scottysdoggoods.com\/en\/wp-json\/wp\/v2\/media\/15804"}],"wp:attachment":[{"href":"https:\/\/scottysdoggoods.com\/en\/wp-json\/wp\/v2\/media?parent=15805"}],"wp:term":[{"taxonomy":"product_brand","embeddable":true,"href":"https:\/\/scottysdoggoods.com\/en\/wp-json\/wp\/v2\/product_brand?post=15805"},{"taxonomy":"product_cat","embeddable":true,"href":"https:\/\/scottysdoggoods.com\/en\/wp-json\/wp\/v2\/product_cat?post=15805"},{"taxonomy":"product_tag","embeddable":true,"href":"https:\/\/scottysdoggoods.com\/en\/wp-json\/wp\/v2\/product_tag?post=15805"},{"taxonomy":"giftcard-category","embeddable":true,"href":"https:\/\/scottysdoggoods.com\/en\/wp-json\/wp\/v2\/giftcard-category?post=15805"}],"curies":[{"name":"wp","href":"https:\/\/api.w.org\/{rel}","templated":true}]}}