{"id":15807,"date":"2024-11-12T18:41:19","date_gmt":"2024-11-12T16:41:19","guid":{"rendered":"https:\/\/scottysdoggoods.com\/product\/100-rabbit-dog-treats\/"},"modified":"2026-04-26T15:45:11","modified_gmt":"2026-04-26T14:45:11","slug":"100-rabbit-dog-treats","status":"publish","type":"product","link":"https:\/\/scottysdoggoods.com\/en\/shop\/eat\/treats\/100-rabbit-dog-treats\/","title":{"rendered":"100% Rabbit Dog Treats"},"content":{"rendered":"<p>Rabbit - Single-ingredient dog treats<br \/>100% rabbit dog treats - A hypoallergenic meat, suitable for many dogs with allergies, and packed with lean protein. Rich in natural amino acids, minerals such as iron, zinc, copper and vitamins B12 and E. Ideal for strengthening the immune system and improving muscle and bone development.<\/p>\n<p>We hand-select our high-quality ingredients for their nutritional value and functionality, and then air-dry them in small quantities at low temperatures, resulting in this - 100% natural and tasty treats with very high nutritional value.<\/p>\n<p>Healthy treats for cats and dogs<\/p>\n<p>Pala's single-ingredient treats are perfect for all pets - both dogs and cats love them, whether as part of their meals or as healthy snacks!<\/p>\n<p>Ingredients<br \/>Rabbit (100%)<\/p>\n<p>Analytical constituents<br \/>Crude protein: 59.4%<br \/>Crude fat: 15.7%<br \/>Moisture: 12%<br \/>Axle: 11.5%<br \/>Carbohydrates: 1.4%<br \/>kcal ME \/ kg: 3847<\/p>\n<p>Storage and processing<br \/>Store in a cool, dry place. Keep the bag closed after opening and consume within 2 weeks.<\/p>\n<p>100 g<\/p>\n<p>\u2013<\/p>\n<p>Rabbit - Single Ingredient Dog Treats<br \/>100% Rabbit dog treats - A hypoallergenic meat, suitable for many dogs with allergies, and packed with lean proteins. Rich in natural amino acids, minerals including iron, zinc, copper, and vitamins B12 and E. Ideal for strengthening the immune system and improving muscle and bone development.<\/p>\n<p>We hand-pick our high-quality ingredients for their nutritional values and functionality, then air-dry in small batches at low temperatures resulting in these - 100% natural &amp; tasty treats with a very high nutritional value.<\/p>\n<p>Healthy treats for cats and dogs<\/p>\n<p>Pala's single-ingredient treats are perfect for all pets - both dogs and cats love them, whether as part of their meals or as healthy snacks!<\/p>\n<p>Ingredients<br \/>Rabbit (100%)<\/p>\n<p>Analytical Constituents<br \/>Crude protein: 59.4%<br \/>Crude Fat: 15.7%<br \/>Moisture: 12%<br \/>Ash: 11.5%<br \/>Carbohydrates: 1.4%<br \/>kcal ME \/ Kg: 3847<\/p>\n<p>Storage &amp; handling<br \/>Store in a cool dry place. Keep bag closed after opening and consume within 2 weeks.<\/p>\n<p>100g<\/p>","protected":false},"excerpt":{"rendered":"<p>Konijn &#8211; Hondensnoepjes met \u00e9\u00e9n ingredi\u00ebnt100% konijnenhondensnoepjes \u2013 Een hypoallergeen vlees, geschikt voor veel honden met allergie\u00ebn, en boordevol magere eiwitten. Rijk aan natuurlijke aminozuren, mineralen zoals ijzer, zink, koper en vitamines B12 en E. Ideaal voor het versterken van het immuunsysteem en het verbeteren van de spier- en botontwikkeling. We selecteren onze hoogwaardige ingredi\u00ebnten [&hellip;]<\/p>\n","protected":false},"featured_media":15806,"comment_status":"closed","ping_status":"closed","template":"","meta":[],"product_brand":[],"product_cat":[807,157,285],"product_tag":[689],"giftcard-category":[],"class_list":{"0":"post-15807","1":"product","2":"type-product","3":"status-publish","4":"has-post-thumbnail","6":"product_cat-easter","7":"product_cat-eat","8":"product_cat-treats","9":"product_tag-pala","10":"pa_merk-pala","12":"first","13":"instock","14":"taxable","15":"shipping-taxable","16":"purchasable","17":"product-type-simple"},"supplier_id":null,"supplier_sku":"","barcode":null,"atum_controlled":true,"out_stock_date":null,"out_stock_threshold":null,"inheritable":false,"inbound_stock":null,"stock_on_hold":0,"sold_today":0,"sales_last_days":1,"reserved_stock":null,"customer_returns":null,"warehouse_damage":null,"lost_in_post":null,"other_logs":null,"out_stock_days":0,"lost_sales":0,"has_location":null,"update_date":"2026-04-27T20:06:18","atum_locations":[],"atum_stock_status":"instock","restock_status":false,"low_stock_amount":"","sales_update_date":"2026-04-27T20:06:18","calc_backorders":null,"_links":{"self":[{"href":"https:\/\/scottysdoggoods.com\/en\/wp-json\/wp\/v2\/product\/15807","targetHints":{"allow":["GET"]}}],"collection":[{"href":"https:\/\/scottysdoggoods.com\/en\/wp-json\/wp\/v2\/product"}],"about":[{"href":"https:\/\/scottysdoggoods.com\/en\/wp-json\/wp\/v2\/types\/product"}],"replies":[{"embeddable":true,"href":"https:\/\/scottysdoggoods.com\/en\/wp-json\/wp\/v2\/comments?post=15807"}],"version-history":[{"count":3,"href":"https:\/\/scottysdoggoods.com\/en\/wp-json\/wp\/v2\/product\/15807\/revisions"}],"predecessor-version":[{"id":19763,"href":"https:\/\/scottysdoggoods.com\/en\/wp-json\/wp\/v2\/product\/15807\/revisions\/19763"}],"wp:featuredmedia":[{"embeddable":true,"href":"https:\/\/scottysdoggoods.com\/en\/wp-json\/wp\/v2\/media\/15806"}],"wp:attachment":[{"href":"https:\/\/scottysdoggoods.com\/en\/wp-json\/wp\/v2\/media?parent=15807"}],"wp:term":[{"taxonomy":"product_brand","embeddable":true,"href":"https:\/\/scottysdoggoods.com\/en\/wp-json\/wp\/v2\/product_brand?post=15807"},{"taxonomy":"product_cat","embeddable":true,"href":"https:\/\/scottysdoggoods.com\/en\/wp-json\/wp\/v2\/product_cat?post=15807"},{"taxonomy":"product_tag","embeddable":true,"href":"https:\/\/scottysdoggoods.com\/en\/wp-json\/wp\/v2\/product_tag?post=15807"},{"taxonomy":"giftcard-category","embeddable":true,"href":"https:\/\/scottysdoggoods.com\/en\/wp-json\/wp\/v2\/giftcard-category?post=15807"}],"curies":[{"name":"wp","href":"https:\/\/api.w.org\/{rel}","templated":true}]}}