{"id":15809,"date":"2024-11-12T18:41:22","date_gmt":"2024-11-12T16:41:22","guid":{"rendered":"https:\/\/scottysdoggoods.com\/product\/100-chicken-dog-treats\/"},"modified":"2025-12-13T14:11:43","modified_gmt":"2025-12-13T13:11:43","slug":"100-chicken-dog-treats","status":"publish","type":"product","link":"https:\/\/scottysdoggoods.com\/en\/shop\/eat\/treats\/100-chicken-dog-treats\/","title":{"rendered":"100% Chicken Dog Treats"},"content":{"rendered":"<p>Chicken - Single-ingredient dog treats<br \/>100% Chicken dog treats - Easy-to-digest protein rich in glucosamine, B vitamins, choline, amino acids such as tryptophan, iron, zinc, selenium and healthy omega-6 fatty acids. Helps in muscle development, tissue repair, maintaining healthy joints, improving cardiovascular functions and strengthening the immune system.<\/p>\n<p>We hand-select our high-quality ingredients for their nutritional value and functionality, then air-dry them in small quantities at low temperatures, resulting in this - 100% natural &amp; tasty treats with very high nutritional value.<\/p>\n<p>Healthy treats for cats and dogs<\/p>\n<p>Pala's single-ingredient treats are perfect for all pets - both dogs and cats love them, whether as part of their meals or as a healthy snack!<\/p>\n<p>Ingredients<br \/>Chicken (100%)<\/p>\n<p>Analytical constituents<br \/>Crude protein: 46.8%<br \/>Crude fat: 31.7%<br \/>Moisture: 12%<br \/>Axle: 9.5%<br \/>Carbohydrates: 0%<br \/>kcal ME \/ kg: 4728<\/p>\n<p>Storage and processing<br \/>Store in a cool, dry place. Keep the bag closed after opening and consume within 2 weeks.<\/p>\n<p>100 g<\/p>\n<p>\u2013<\/p>\n<p>Chicken - Single Ingredient Dog Treats<br \/>100% Chicken dog treats - Easy to digest protein that is rich in glucosamine, B vitamins, choline, amino acids like tryptophan, iron, zinc, selenium and healthy omega-6 fatty acids. Helps with muscle development, tissue repair, maintaining joint health, improving cardiovascular functions and strengthening the immune system.<\/p>\n<p>We hand-pick our high-quality ingredients for their nutritional values and functionality, then air-dry in small batches at low temperatures resulting in these - 100% natural &amp; tasty treats with a very high nutritional value.<\/p>\n<p>Healthy treats for cats and dogs<\/p>\n<p>Pala's single-ingredient treats are perfect for all pets - both dogs and cats love them, whether as part of their meals or as healthy snacks!<\/p>\n<p>Ingredients<br \/>Chicken (100%)<\/p>\n<p>Analytical Constituents<br \/>Crude protein: 46.8%<br \/>CrudeFat: 31.7%<br \/>Moisture: 12%<br \/>Ash: 9.5%<br \/>Carbohydrates: 0%<br \/>kcal ME \/ Kg: 4728<\/p>\n<p>Storage &amp; handling<br \/>Store in a cool dry place. Keep bag closed after opening and consume within 2 weeks.<\/p>\n<p>100g<\/p>","protected":false},"excerpt":{"rendered":"<p>Kip &#8211; Hondensnoepjes met \u00e9\u00e9n ingredi\u00ebnt100% Kip hondensnoepjes \u2013 Makkelijk te verteren prote\u00efne die rijk is aan glucosamine, B-vitamines, choline, aminozuren zoals tryptofaan, ijzer, zink, selenium en gezonde omega-6 vetzuren. Helpt bij spierontwikkeling, weefselherstel, behoud van gezonde gewrichten, verbetering van cardiovasculaire functies en versterking van het immuunsysteem. We selecteren onze hoogwaardige ingredi\u00ebnten met de hand [&hellip;]<\/p>\n","protected":false},"featured_media":15808,"comment_status":"open","ping_status":"closed","template":"","meta":[],"product_brand":[],"product_cat":[157,285],"product_tag":[689],"giftcard-category":[],"class_list":{"0":"post-15809","1":"product","2":"type-product","3":"status-publish","4":"has-post-thumbnail","6":"product_cat-eat","7":"product_cat-treats","8":"product_tag-pala","9":"pa_merk-pala","11":"first","12":"instock","13":"taxable","14":"shipping-taxable","15":"purchasable","16":"product-type-simple"},"supplier_id":null,"supplier_sku":"","barcode":null,"atum_controlled":true,"out_stock_date":null,"out_stock_threshold":null,"inheritable":false,"inbound_stock":null,"stock_on_hold":0,"sold_today":0,"sales_last_days":0,"reserved_stock":null,"customer_returns":null,"warehouse_damage":null,"lost_in_post":null,"other_logs":null,"out_stock_days":0,"lost_sales":0,"has_location":null,"update_date":"2026-04-19T00:46:27","atum_locations":[],"atum_stock_status":"instock","restock_status":false,"low_stock_amount":"","sales_update_date":"2026-04-19T00:46:27","calc_backorders":null,"_links":{"self":[{"href":"https:\/\/scottysdoggoods.com\/en\/wp-json\/wp\/v2\/product\/15809","targetHints":{"allow":["GET"]}}],"collection":[{"href":"https:\/\/scottysdoggoods.com\/en\/wp-json\/wp\/v2\/product"}],"about":[{"href":"https:\/\/scottysdoggoods.com\/en\/wp-json\/wp\/v2\/types\/product"}],"replies":[{"embeddable":true,"href":"https:\/\/scottysdoggoods.com\/en\/wp-json\/wp\/v2\/comments?post=15809"}],"version-history":[{"count":2,"href":"https:\/\/scottysdoggoods.com\/en\/wp-json\/wp\/v2\/product\/15809\/revisions"}],"predecessor-version":[{"id":17765,"href":"https:\/\/scottysdoggoods.com\/en\/wp-json\/wp\/v2\/product\/15809\/revisions\/17765"}],"wp:featuredmedia":[{"embeddable":true,"href":"https:\/\/scottysdoggoods.com\/en\/wp-json\/wp\/v2\/media\/15808"}],"wp:attachment":[{"href":"https:\/\/scottysdoggoods.com\/en\/wp-json\/wp\/v2\/media?parent=15809"}],"wp:term":[{"taxonomy":"product_brand","embeddable":true,"href":"https:\/\/scottysdoggoods.com\/en\/wp-json\/wp\/v2\/product_brand?post=15809"},{"taxonomy":"product_cat","embeddable":true,"href":"https:\/\/scottysdoggoods.com\/en\/wp-json\/wp\/v2\/product_cat?post=15809"},{"taxonomy":"product_tag","embeddable":true,"href":"https:\/\/scottysdoggoods.com\/en\/wp-json\/wp\/v2\/product_tag?post=15809"},{"taxonomy":"giftcard-category","embeddable":true,"href":"https:\/\/scottysdoggoods.com\/en\/wp-json\/wp\/v2\/giftcard-category?post=15809"}],"curies":[{"name":"wp","href":"https:\/\/api.w.org\/{rel}","templated":true}]}}