{"id":15826,"date":"2024-11-12T17:41:53","date_gmt":"2024-11-12T16:41:53","guid":{"rendered":"https:\/\/scottysdoggoods.com\/product\/100-lamb-liver-dog-treats\/"},"modified":"2026-03-23T23:12:13","modified_gmt":"2026-03-23T22:12:13","slug":"100-lamb-liver-dog-treats","status":"publish","type":"product","link":"https:\/\/scottysdoggoods.com\/en\/shop\/eat\/treats\/100-lamb-liver-dog-treats\/","title":{"rendered":"100% Lamb liver Dog Treats"},"content":{"rendered":"<p>Lamb's liver - Single-ingredient dog treats<br \/>100% lamb liver dog treats - Lamb liver from Iceland. It is a new protein that all our in-house dog testers love! The lamb liver comes in larger pieces, perfect for breaking down to the desired size for training and reward.<\/p>\n<p>Like all Pala products, these lamb liver treats are a treasure trove of essential nutrients. Rich in high-quality protein, vitamin A, B complex, iron, copper and zinc, they support everything from your dog's immune system to the health of their skin and coat.<\/p>\n<p>Healthy treats for cats and dogs<\/p>\n<p>Pala's single-ingredient treats are perfect for all pets - both dogs and cats love them, whether as part of their meals or as a healthy snack!<\/p>\n<p>Ingredients<br \/>Lamb's liver (100%)<\/p>\n<p>Analytical constituents<br \/>Crude protein: 61%<\/p>\n<p>Crude fat: 17.6%<\/p>\n<p>Moisture: 10%<\/p>\n<p>Axle: 4.3%<\/p>\n<p>Carbohydrates: 7.1%<\/p>\n<p>kcal ME\/kg: 4307<\/p>\n<p>100g<\/p>\n<p>\u2013<\/p>\n<p>Lamb Liver - Single Ingredient Dog Treats<br \/>100% Lamb liver dog treats - Lamb liver from Iceland. It is a novel protein that all our in-house dog testers have gone crazy about! The lamb liver comes in larger chunks, perfect for breaking into desired size for training and reward.<\/p>\n<p>Like all Pala products, these lamb liver treats are a treasure trove of essential nutrients. They are rich in high-quality protein, vitamins A, B complex, iron, copper, and zinc, supporting everything from your dog's immune system to their skin and coat health.<\/p>\n<p>Healthy treats for cats and dogs<\/p>\n<p>Pala's single-ingredient treats are perfect for all pets - both dogs and cats love them, whether as part of their meals or as healthy snacks!<\/p>\n<p>Ingredients<br \/>Lamb liver (100%)<\/p>\n<p>Analytical Constituents<br \/>Crude protein: 61%<\/p>\n<p>Crude Fat: 17.6%<\/p>\n<p>Moisture: 10%<\/p>\n<p>Ash: 4.3%<\/p>\n<p>Carbohydrates: 7.1%<\/p>\n<p>kcal ME \/ Kg: 4307<\/p>\n<p>100g<\/p>","protected":false},"excerpt":{"rendered":"<p>Lamslever &#8211; Hondensnoepjes met \u00e9\u00e9n ingredi\u00ebnt100% lamslever hondensnoepjes &#8211; Lamslever uit IJsland. Het is een nieuw eiwit waar al onze interne hondentesters dol op zijn! De lamslever wordt geleverd in grotere stukken, perfect om te breken tot de gewenste grootte voor training en beloning. Zoals alle Pala-producten zijn deze lamsleversnoepjes een schat aan essenti\u00eble voedingsstoffen. [&hellip;]<\/p>\n","protected":false},"featured_media":15825,"comment_status":"closed","ping_status":"closed","template":"","meta":[],"product_brand":[],"product_cat":[157,285],"product_tag":[689],"giftcard-category":[],"class_list":{"0":"post-15826","1":"product","2":"type-product","3":"status-publish","4":"has-post-thumbnail","6":"product_cat-eat","7":"product_cat-treats","8":"product_tag-pala","9":"pa_merk-pala","11":"first","12":"instock","13":"taxable","14":"shipping-taxable","15":"purchasable","16":"product-type-simple"},"supplier_id":null,"supplier_sku":"","barcode":null,"atum_controlled":true,"out_stock_date":null,"out_stock_threshold":null,"inheritable":false,"inbound_stock":null,"stock_on_hold":0,"sold_today":0,"sales_last_days":0,"reserved_stock":null,"customer_returns":null,"warehouse_damage":null,"lost_in_post":null,"other_logs":null,"out_stock_days":0,"lost_sales":0,"has_location":null,"update_date":"2026-04-19T00:46:51","atum_locations":[],"atum_stock_status":"instock","restock_status":false,"low_stock_amount":"","sales_update_date":"2026-04-19T00:46:51","calc_backorders":null,"_links":{"self":[{"href":"https:\/\/scottysdoggoods.com\/en\/wp-json\/wp\/v2\/product\/15826","targetHints":{"allow":["GET"]}}],"collection":[{"href":"https:\/\/scottysdoggoods.com\/en\/wp-json\/wp\/v2\/product"}],"about":[{"href":"https:\/\/scottysdoggoods.com\/en\/wp-json\/wp\/v2\/types\/product"}],"replies":[{"embeddable":true,"href":"https:\/\/scottysdoggoods.com\/en\/wp-json\/wp\/v2\/comments?post=15826"}],"version-history":[{"count":3,"href":"https:\/\/scottysdoggoods.com\/en\/wp-json\/wp\/v2\/product\/15826\/revisions"}],"predecessor-version":[{"id":20803,"href":"https:\/\/scottysdoggoods.com\/en\/wp-json\/wp\/v2\/product\/15826\/revisions\/20803"}],"wp:featuredmedia":[{"embeddable":true,"href":"https:\/\/scottysdoggoods.com\/en\/wp-json\/wp\/v2\/media\/15825"}],"wp:attachment":[{"href":"https:\/\/scottysdoggoods.com\/en\/wp-json\/wp\/v2\/media?parent=15826"}],"wp:term":[{"taxonomy":"product_brand","embeddable":true,"href":"https:\/\/scottysdoggoods.com\/en\/wp-json\/wp\/v2\/product_brand?post=15826"},{"taxonomy":"product_cat","embeddable":true,"href":"https:\/\/scottysdoggoods.com\/en\/wp-json\/wp\/v2\/product_cat?post=15826"},{"taxonomy":"product_tag","embeddable":true,"href":"https:\/\/scottysdoggoods.com\/en\/wp-json\/wp\/v2\/product_tag?post=15826"},{"taxonomy":"giftcard-category","embeddable":true,"href":"https:\/\/scottysdoggoods.com\/en\/wp-json\/wp\/v2\/giftcard-category?post=15826"}],"curies":[{"name":"wp","href":"https:\/\/api.w.org\/{rel}","templated":true}]}}