{"id":15841,"date":"2024-11-12T18:42:19","date_gmt":"2024-11-12T16:42:19","guid":{"rendered":"https:\/\/scottysdoggoods.com\/product\/100-beef-liver-dog-treats\/"},"modified":"2026-04-18T09:27:25","modified_gmt":"2026-04-18T08:27:25","slug":"100-beef-liver-dog-treats","status":"publish","type":"product","link":"https:\/\/scottysdoggoods.com\/en\/shop\/eat\/treats\/100-beef-liver-dog-treats\/","title":{"rendered":"100% Beef Liver Dog Treats"},"content":{"rendered":"<p>Beef liver - Single-ingredient dog treats<br \/>100% Beef Liver Dog Candy - Rich in iron, zinc, phosphorus, vitamins A, B and D, folic acid and essential fatty acids. This tasty treat is a great choice for protecting and supporting the digestive, immune, reproductive, muscular, skeletal and neurological systems.<\/p>\n<p>We hand-select our high-quality ingredients for their nutritional value and functionality and then air-dry them in small quantities at low temperatures, resulting in this - 100% natural and tasty treats with very high nutritional value.<\/p>\n<p>Healthy treats for cats and dogs<\/p>\n<p>Pala's single-ingredient treats are perfect for all pets - both dogs and cats love them, whether as part of their meals or as a healthy snack!<\/p>\n<p>Ingredients<br \/>Beef liver (100%)<\/p>\n<p>Analytical constituents<br \/>Crude protein: 61.5%<br \/>Crude fat: 10.8%<br \/>Moisture: 12%<br \/>Axle: 3.9%<br \/>Carbohydrates: 11.8%<br \/>kcal ME \/ kg: 3906<\/p>\n<p>Storage and processing<br \/>Store in a cool, dry place. Keep the bag closed after opening and consume within 2 weeks.<\/p>\n<p>100 g<\/p>\n<p>\u2013<\/p>\n<p>Beef Liver - Single Ingredient Dog Treats<br \/>100% Beef Liver dog treats - Rich in iron, zinc, phosphorous, vitamins A, B, and D, folic acid, and essential fatty acids. This tasty treat is a great choice for protecting and supporting digestive system, immune system, reproductive organs, muscular, skeletal and neurological systems.<\/p>\n<p>We hand-pick our high-quality ingredients for their nutritional values and functionality, then air-dry in small batches at low temperatures resulting in these - 100% natural &amp; tasty treats with a very high nutritional value.<\/p>\n<p>Healthy treats for cats and dogs<\/p>\n<p>Pala's single-ingredient treats are perfect for all pets - both dogs and cats love them, whether as part of their meals or as healthy snacks!<\/p>\n<p>Ingredients<br \/>Beef liver (100%)<\/p>\n<p>Analytical Constituents<br \/>Crude protein: 61.5%<br \/>Crude Fat: 10.8%<br \/>Moisture: 12%<br \/>Ash: 3.9%<br \/>Carbohydrates: 11.8%<br \/>kcal ME \/ Kg: 3906<\/p>\n<p>Storage &amp; handling<br \/>Store in a cool dry place. Keep bag closed after opening and consume within 2 weeks.<\/p>\n<p>100g<\/p>","protected":false},"excerpt":{"rendered":"<p>Runderlever &#8211; Hondensnoepjes met \u00e9\u00e9n ingredi\u00ebnt100% Runderlever hondensnoepjes \u2013 Rijk aan ijzer, zink, fosfor, vitamine A, B en D, foliumzuur en essenti\u00eble vetzuren. Deze smakelijke traktatie is een geweldige keuze voor het beschermen en ondersteunen van het spijsverteringsstelsel, immuunsysteem, voortplantingsorganen, spier-, skelet- en neurologische systemen. We selecteren onze hoogwaardige ingredi\u00ebnten met de hand op hun [&hellip;]<\/p>\n","protected":false},"featured_media":15840,"comment_status":"open","ping_status":"closed","template":"","meta":[],"product_brand":[],"product_cat":[157,285],"product_tag":[689],"giftcard-category":[],"class_list":{"0":"post-15841","1":"product","2":"type-product","3":"status-publish","4":"has-post-thumbnail","6":"product_cat-eat","7":"product_cat-treats","8":"product_tag-pala","9":"pa_merk-pala","11":"first","12":"instock","13":"taxable","14":"shipping-taxable","15":"purchasable","16":"product-type-simple"},"supplier_id":null,"supplier_sku":"","barcode":null,"atum_controlled":true,"out_stock_date":null,"out_stock_threshold":null,"inheritable":false,"inbound_stock":null,"stock_on_hold":0,"sold_today":0,"sales_last_days":1,"reserved_stock":null,"customer_returns":null,"warehouse_damage":null,"lost_in_post":null,"other_logs":null,"out_stock_days":0,"lost_sales":0,"has_location":null,"update_date":"2026-04-27T00:53:02","atum_locations":[],"atum_stock_status":"instock","restock_status":false,"low_stock_amount":"","sales_update_date":"2026-04-27T00:53:02","calc_backorders":null,"_links":{"self":[{"href":"https:\/\/scottysdoggoods.com\/en\/wp-json\/wp\/v2\/product\/15841","targetHints":{"allow":["GET"]}}],"collection":[{"href":"https:\/\/scottysdoggoods.com\/en\/wp-json\/wp\/v2\/product"}],"about":[{"href":"https:\/\/scottysdoggoods.com\/en\/wp-json\/wp\/v2\/types\/product"}],"replies":[{"embeddable":true,"href":"https:\/\/scottysdoggoods.com\/en\/wp-json\/wp\/v2\/comments?post=15841"}],"version-history":[{"count":2,"href":"https:\/\/scottysdoggoods.com\/en\/wp-json\/wp\/v2\/product\/15841\/revisions"}],"predecessor-version":[{"id":17764,"href":"https:\/\/scottysdoggoods.com\/en\/wp-json\/wp\/v2\/product\/15841\/revisions\/17764"}],"wp:featuredmedia":[{"embeddable":true,"href":"https:\/\/scottysdoggoods.com\/en\/wp-json\/wp\/v2\/media\/15840"}],"wp:attachment":[{"href":"https:\/\/scottysdoggoods.com\/en\/wp-json\/wp\/v2\/media?parent=15841"}],"wp:term":[{"taxonomy":"product_brand","embeddable":true,"href":"https:\/\/scottysdoggoods.com\/en\/wp-json\/wp\/v2\/product_brand?post=15841"},{"taxonomy":"product_cat","embeddable":true,"href":"https:\/\/scottysdoggoods.com\/en\/wp-json\/wp\/v2\/product_cat?post=15841"},{"taxonomy":"product_tag","embeddable":true,"href":"https:\/\/scottysdoggoods.com\/en\/wp-json\/wp\/v2\/product_tag?post=15841"},{"taxonomy":"giftcard-category","embeddable":true,"href":"https:\/\/scottysdoggoods.com\/en\/wp-json\/wp\/v2\/giftcard-category?post=15841"}],"curies":[{"name":"wp","href":"https:\/\/api.w.org\/{rel}","templated":true}]}}