{"id":15848,"date":"2024-11-12T18:42:31","date_gmt":"2024-11-12T16:42:31","guid":{"rendered":"https:\/\/scottysdoggoods.com\/product\/100-duck-dog-treats\/"},"modified":"2026-04-05T12:59:30","modified_gmt":"2026-04-05T11:59:30","slug":"100-duck-dog-treats","status":"publish","type":"product","link":"https:\/\/scottysdoggoods.com\/en\/shop\/eat\/treats\/100-duck-dog-treats\/","title":{"rendered":"100% Duck Dog Treats"},"content":{"rendered":"<p>Duck - Single-ingredient dog treats<br \/>100% duck dog treats - Rich in iron, zinc, selenium, vitamin B, amino acids such as lysine and leucine, lean proteins and healthy fatty acids. Duck meat is great for building healthy bones and muscles, and it improves metabolism and red blood cell production.<\/p>\n<p>We hand-select our high-quality ingredients for their nutritional value and functionality, and then air-dry them in small quantities at low temperatures, resulting in this - 100% natural and tasty treats with very high nutritional value.<\/p>\n<p>Healthy treats for cats and dogs<\/p>\n<p>Pala's single-ingredient treats are perfect for all pets - both dogs and cats love them, whether as part of their meals or as a healthy snack!<\/p>\n<p>Ingredients<br \/>Duck (100%)<\/p>\n<p>Analytics<br \/>Crude protein: 42.8%<br \/>Crude fat: 35.7%<br \/>Moisture: 12%<br \/>Axle: 8.8%<br \/>Carbohydrates: 0.7%<br \/>kcal ME \/ kg: 4952<\/p>\n<p>Save<br \/>Store in a cool, dry place. Keep the bag closed after opening and consume within 2 weeks.<\/p>\n<p>100g<\/p>\n<p>\u2013<\/p>\n<p>Duck - Single Ingredient Dog Treats<br \/>100% Duck dog treats - Rich in iron, zinc, selenium, B vitamins, amino acids like lysine and leucine, lean proteins, and healthy fatty acids. Duck meat is great for building healthy bones and muscles, and it improves metabolism and red blood cell production.<\/p>\n<p>We hand-pick our high-quality ingredients for their nutritional values and functionality, then air-dry in small batches at low temperatures resulting in these - 100% natural &amp; tasty treats with a very high nutritional value.<\/p>\n<p>Healthy treats for cats and dogs<\/p>\n<p>Pala's single-ingredient treats are perfect for all pets - both dogs and cats love them, whether as part of their meals or as healthy snacks!<\/p>\n<p>Ingredients<br \/>Duck (100%)<\/p>\n<p>Analytics\u00a0<br \/>Crude protein: 42.8%<br \/>Crude Fat: 35.7%<br \/>Moisture: 12%<br \/>Ash: 8.8%<br \/>Carbohydrates: 0.7%<br \/>kcal ME \/ Kg: 4952<\/p>\n<p>Storage<br \/>Store in a cool dry place. Keep bag closed after opening and consume within 2 weeks.<\/p>\n<p>100g<\/p>","protected":false},"excerpt":{"rendered":"<p>Eend &#8211; Hondensnoepjes met \u00e9\u00e9n ingredi\u00ebnt100% eendenhondensnoepjes \u2013 Rijk aan ijzer, zink, selenium, vitamine B, aminozuren zoals lysine en leucine, magere eiwitten en gezonde vetzuren. Eendenvlees is geweldig voor het opbouwen van gezonde botten en spieren, en het verbetert de stofwisseling en de productie van rode bloedcellen. We selecteren onze hoogwaardige ingredi\u00ebnten met de hand [&hellip;]<\/p>\n","protected":false},"featured_media":15847,"comment_status":"closed","ping_status":"closed","template":"","meta":[],"product_brand":[],"product_cat":[836,157,285],"product_tag":[689],"giftcard-category":[],"class_list":{"0":"post-15848","1":"product","2":"type-product","3":"status-publish","4":"has-post-thumbnail","6":"product_cat-best-sellers","7":"product_cat-eat","8":"product_cat-treats","9":"product_tag-pala","10":"pa_merk-pala","12":"first","13":"instock","14":"taxable","15":"shipping-taxable","16":"purchasable","17":"product-type-simple"},"supplier_id":null,"supplier_sku":"","barcode":null,"atum_controlled":true,"out_stock_date":null,"out_stock_threshold":null,"inheritable":false,"inbound_stock":null,"stock_on_hold":0,"sold_today":0,"sales_last_days":1,"reserved_stock":null,"customer_returns":null,"warehouse_damage":null,"lost_in_post":null,"other_logs":null,"out_stock_days":0,"lost_sales":0,"has_location":null,"update_date":"2026-04-19T00:46:54","atum_locations":[],"atum_stock_status":"instock","restock_status":false,"low_stock_amount":"","sales_update_date":"2026-04-19T00:46:54","calc_backorders":null,"_links":{"self":[{"href":"https:\/\/scottysdoggoods.com\/en\/wp-json\/wp\/v2\/product\/15848","targetHints":{"allow":["GET"]}}],"collection":[{"href":"https:\/\/scottysdoggoods.com\/en\/wp-json\/wp\/v2\/product"}],"about":[{"href":"https:\/\/scottysdoggoods.com\/en\/wp-json\/wp\/v2\/types\/product"}],"replies":[{"embeddable":true,"href":"https:\/\/scottysdoggoods.com\/en\/wp-json\/wp\/v2\/comments?post=15848"}],"version-history":[{"count":3,"href":"https:\/\/scottysdoggoods.com\/en\/wp-json\/wp\/v2\/product\/15848\/revisions"}],"predecessor-version":[{"id":20840,"href":"https:\/\/scottysdoggoods.com\/en\/wp-json\/wp\/v2\/product\/15848\/revisions\/20840"}],"wp:featuredmedia":[{"embeddable":true,"href":"https:\/\/scottysdoggoods.com\/en\/wp-json\/wp\/v2\/media\/15847"}],"wp:attachment":[{"href":"https:\/\/scottysdoggoods.com\/en\/wp-json\/wp\/v2\/media?parent=15848"}],"wp:term":[{"taxonomy":"product_brand","embeddable":true,"href":"https:\/\/scottysdoggoods.com\/en\/wp-json\/wp\/v2\/product_brand?post=15848"},{"taxonomy":"product_cat","embeddable":true,"href":"https:\/\/scottysdoggoods.com\/en\/wp-json\/wp\/v2\/product_cat?post=15848"},{"taxonomy":"product_tag","embeddable":true,"href":"https:\/\/scottysdoggoods.com\/en\/wp-json\/wp\/v2\/product_tag?post=15848"},{"taxonomy":"giftcard-category","embeddable":true,"href":"https:\/\/scottysdoggoods.com\/en\/wp-json\/wp\/v2\/giftcard-category?post=15848"}],"curies":[{"name":"wp","href":"https:\/\/api.w.org\/{rel}","templated":true}]}}