{"id":15850,"date":"2024-11-12T18:42:34","date_gmt":"2024-11-12T16:42:34","guid":{"rendered":"https:\/\/scottysdoggoods.com\/product\/100-turkey-dog-treats\/"},"modified":"2026-03-23T23:12:13","modified_gmt":"2026-03-23T22:12:13","slug":"100-turkey-dog-treats","status":"publish","type":"product","link":"https:\/\/scottysdoggoods.com\/en\/shop\/eat\/treats\/100-turkey-dog-treats\/","title":{"rendered":"100% Turkey Dog Treats"},"content":{"rendered":"<p>Turkey - Single-ingredient dog treats<br \/>Dog treats with turkey: Lean, easy-to-digest proteins that are also rich in vitamin B2 (riboflavin), phosphorus and the amino acids leucine and lysine.<\/p>\n<p>We hand-select our high-quality ingredients for their nutritional value and functionality and then air-dry them in small quantities at low temperatures, resulting in this: 100% natural and tasty treats with very high nutritional value.<\/p>\n<p>Healthy treats for cats and dogs<\/p>\n<p>Pala's single-ingredient treats are perfect for all pets - both dogs and cats love them, whether as part of their meals or as a healthy snack!<\/p>\n<p>Ingredients<br \/>Turkey (100%)<\/p>\n<p>Analytical constituents<br \/>Crude protein: 55.7%<\/p>\n<p>Crude fat: 20.5%<\/p>\n<p>Moisture: 12%<\/p>\n<p>Axle: 11.8%<\/p>\n<p>Carbohydrates: 0%<\/p>\n<p>kcal ME \/ kg: 4077<\/p>\n<p>100 g<\/p>\n<p>\u2013<\/p>\n<p>Turkey - Single Ingredient Dog Treats<br \/>Turkey dog treats: Lean, easy to digest protein that is also rich in Vitamin B2 (Riboflavin), phosphorous and amino acids leucine and lysine.<\/p>\n<p>We hand-pick our high-quality ingredients for their nutritional values and functionality, then air-dry in small batches at low temperatures resulting in these - 100% natural &amp; tasty treats with a very high nutritional value.<\/p>\n<p>Healthy treats for cats and dogs<\/p>\n<p>Pala's single-ingredient treats are perfect for all pets - both dogs and cats love them, whether as part of their meals or as healthy snacks!<\/p>\n<p>Ingredients<br \/>Turkey (100%)<\/p>\n<p>Analytical Constituents<br \/>Crude protein: 55.7%<\/p>\n<p>Crude Fat: 20.5%<\/p>\n<p>Moisture: 12%<\/p>\n<p>Ash: 11.8%<\/p>\n<p>Carbohydrates: 0%<\/p>\n<p>kcal ME \/ Kg: 4077<\/p>\n<p>100g<\/p>","protected":false},"excerpt":{"rendered":"<p>Kalkoen &#8211; Hondensnoepjes met \u00e9\u00e9n ingredi\u00ebntHondensnoepjes met kalkoen: Magere, gemakkelijk te verteren eiwitten die ook rijk zijn aan vitamine B2 (riboflavine), fosfor en de aminozuren leucine en lysine. We selecteren onze hoogwaardige ingredi\u00ebnten met de hand op hun voedingswaarde en functionaliteit en drogen ze vervolgens in kleine hoeveelheden bij lage temperaturen aan de lucht, wat [&hellip;]<\/p>\n","protected":false},"featured_media":15849,"comment_status":"closed","ping_status":"closed","template":"","meta":[],"product_brand":[],"product_cat":[157,544,285],"product_tag":[689],"giftcard-category":[],"class_list":{"0":"post-15850","1":"product","2":"type-product","3":"status-publish","4":"has-post-thumbnail","6":"product_cat-eat","7":"product_cat-new-arrivals","8":"product_cat-treats","9":"product_tag-pala","10":"pa_merk-pala","12":"first","13":"instock","14":"taxable","15":"shipping-taxable","16":"purchasable","17":"product-type-simple"},"supplier_id":null,"supplier_sku":"","barcode":null,"atum_controlled":true,"out_stock_date":null,"out_stock_threshold":null,"inheritable":false,"inbound_stock":null,"stock_on_hold":0,"sold_today":0,"sales_last_days":0,"reserved_stock":null,"customer_returns":null,"warehouse_damage":null,"lost_in_post":null,"other_logs":null,"out_stock_days":0,"lost_sales":0,"has_location":null,"update_date":"2026-04-19T00:46:51","atum_locations":[],"atum_stock_status":"instock","restock_status":false,"low_stock_amount":"","sales_update_date":"2026-04-19T00:46:51","calc_backorders":null,"_links":{"self":[{"href":"https:\/\/scottysdoggoods.com\/en\/wp-json\/wp\/v2\/product\/15850","targetHints":{"allow":["GET"]}}],"collection":[{"href":"https:\/\/scottysdoggoods.com\/en\/wp-json\/wp\/v2\/product"}],"about":[{"href":"https:\/\/scottysdoggoods.com\/en\/wp-json\/wp\/v2\/types\/product"}],"replies":[{"embeddable":true,"href":"https:\/\/scottysdoggoods.com\/en\/wp-json\/wp\/v2\/comments?post=15850"}],"version-history":[{"count":2,"href":"https:\/\/scottysdoggoods.com\/en\/wp-json\/wp\/v2\/product\/15850\/revisions"}],"predecessor-version":[{"id":17770,"href":"https:\/\/scottysdoggoods.com\/en\/wp-json\/wp\/v2\/product\/15850\/revisions\/17770"}],"wp:featuredmedia":[{"embeddable":true,"href":"https:\/\/scottysdoggoods.com\/en\/wp-json\/wp\/v2\/media\/15849"}],"wp:attachment":[{"href":"https:\/\/scottysdoggoods.com\/en\/wp-json\/wp\/v2\/media?parent=15850"}],"wp:term":[{"taxonomy":"product_brand","embeddable":true,"href":"https:\/\/scottysdoggoods.com\/en\/wp-json\/wp\/v2\/product_brand?post=15850"},{"taxonomy":"product_cat","embeddable":true,"href":"https:\/\/scottysdoggoods.com\/en\/wp-json\/wp\/v2\/product_cat?post=15850"},{"taxonomy":"product_tag","embeddable":true,"href":"https:\/\/scottysdoggoods.com\/en\/wp-json\/wp\/v2\/product_tag?post=15850"},{"taxonomy":"giftcard-category","embeddable":true,"href":"https:\/\/scottysdoggoods.com\/en\/wp-json\/wp\/v2\/giftcard-category?post=15850"}],"curies":[{"name":"wp","href":"https:\/\/api.w.org\/{rel}","templated":true}]}}