{"id":15852,"date":"2024-11-12T18:42:42","date_gmt":"2024-11-12T16:42:42","guid":{"rendered":"https:\/\/scottysdoggoods.com\/product\/100-beef-heart-dog-treats\/"},"modified":"2026-04-04T19:11:54","modified_gmt":"2026-04-04T18:11:54","slug":"100-beef-heart-dog-treats","status":"publish","type":"product","link":"https:\/\/scottysdoggoods.com\/en\/shop\/eat\/treats\/100-beef-heart-dog-treats\/","title":{"rendered":"100% Beef Heart Dog Treats"},"content":{"rendered":"<p>Beef heart - Single-ingredient dog treats<br \/>100% Beef Heart Dog Candy - Beef heart is both a muscle and an organ and is rich in iron, zinc, copper, phosphorus, selenium, thiamine, vitamins B6, B12, amino acids, taurine and omega-6 fatty acids. Great for building and repairing tissues, supporting cardiovascular health, boosting immunity and reducing oxidative stress.<\/p>\n<p>We hand-select our high-quality ingredients for their nutritional value and functionality and then air-dry them in small quantities at low temperatures, resulting in this - 100% natural and tasty treats with very high nutritional value.<\/p>\n<p>Healthy treats for cats and dogs<\/p>\n<p>Pala's single-ingredient treats are perfect for all pets - both dogs and cats love them, whether as part of their meals or as a healthy snack!<\/p>\n<p>Ingredients<br \/>Beef heart (100%)<\/p>\n<p>Analytical constituents<br \/>Crude protein: 68.1%<\/p>\n<p>Crude fat: 15.2%<\/p>\n<p>Moisture: 12%<\/p>\n<p>Axle: 4.6%<\/p>\n<p>Carbohydrates: 0.1%<\/p>\n<p>kcal ME\/kg: 4096<\/p>\n<p>100g<\/p>\n<p>\u2013<\/p>\n<p>Beef Heart - Single Ingredient Dog Treats<br \/>100% Beef Heart dog treats - Both a muscle and an organ, beef heart is rich in iron, zinc, copper, phosphorous, selenium, thiamine, vitamins B6, B12, amino acids, taurine and omega-6 fatty acids. Great for building and repairing tissues, supporting cardiovascular health, strengthening immunity and reducing oxidative stress.<\/p>\n<p>We hand-pick our high-quality ingredients for their nutritional values and functionality, then air-dry in small batches at low temperatures resulting in these - 100% natural &amp; tasty treats with a very high nutritional value.<\/p>\n<p>Healthy treats for cats and dogs<\/p>\n<p>Pala's single-ingredient treats are perfect for all pets - both dogs and cats love them, whether as part of their meals or as healthy snacks!<\/p>\n<p>Ingredients<br \/>Beef heart (100%)<\/p>\n<p>Analytical Constituents<br \/>Crude protein: 68.1%<\/p>\n<p>Crude Fat: 15.2%<\/p>\n<p>Moisture: 12%<\/p>\n<p>Ash: 4.6%<\/p>\n<p>Carbohydrates: 0.1%<\/p>\n<p>kcal ME \/ Kg: 4096<\/p>\n<p>100g<\/p>","protected":false},"excerpt":{"rendered":"<p>Runderhart &#8211; Hondensnoepjes met \u00e9\u00e9n ingredi\u00ebnt100% Runderhart hondensnoepjes \u2013 Runderhart is zowel een spier als een orgaan en is rijk aan ijzer, zink, koper, fosfor, selenium, thiamine, vitamines B6, B12, aminozuren, taurine en omega-6-vetzuren. Geweldig voor het opbouwen en herstellen van weefsels, het ondersteunen van de cardiovasculaire gezondheid, het versterken van de immuniteit en het [&hellip;]<\/p>\n","protected":false},"featured_media":15851,"comment_status":"closed","ping_status":"closed","template":"","meta":[],"product_brand":[],"product_cat":[836,157,285],"product_tag":[689],"giftcard-category":[],"class_list":{"0":"post-15852","1":"product","2":"type-product","3":"status-publish","4":"has-post-thumbnail","6":"product_cat-best-sellers","7":"product_cat-eat","8":"product_cat-treats","9":"product_tag-pala","10":"pa_merk-pala","12":"first","13":"instock","14":"taxable","15":"shipping-taxable","16":"purchasable","17":"product-type-simple"},"supplier_id":null,"supplier_sku":"","barcode":null,"atum_controlled":true,"out_stock_date":null,"out_stock_threshold":null,"inheritable":false,"inbound_stock":null,"stock_on_hold":0,"sold_today":0,"sales_last_days":0,"reserved_stock":null,"customer_returns":null,"warehouse_damage":null,"lost_in_post":null,"other_logs":null,"out_stock_days":0,"lost_sales":0,"has_location":null,"update_date":"2026-04-19T00:46:53","atum_locations":[],"atum_stock_status":"instock","restock_status":false,"low_stock_amount":"","sales_update_date":"2026-04-19T00:46:53","calc_backorders":null,"_links":{"self":[{"href":"https:\/\/scottysdoggoods.com\/en\/wp-json\/wp\/v2\/product\/15852","targetHints":{"allow":["GET"]}}],"collection":[{"href":"https:\/\/scottysdoggoods.com\/en\/wp-json\/wp\/v2\/product"}],"about":[{"href":"https:\/\/scottysdoggoods.com\/en\/wp-json\/wp\/v2\/types\/product"}],"replies":[{"embeddable":true,"href":"https:\/\/scottysdoggoods.com\/en\/wp-json\/wp\/v2\/comments?post=15852"}],"version-history":[{"count":3,"href":"https:\/\/scottysdoggoods.com\/en\/wp-json\/wp\/v2\/product\/15852\/revisions"}],"predecessor-version":[{"id":20841,"href":"https:\/\/scottysdoggoods.com\/en\/wp-json\/wp\/v2\/product\/15852\/revisions\/20841"}],"wp:featuredmedia":[{"embeddable":true,"href":"https:\/\/scottysdoggoods.com\/en\/wp-json\/wp\/v2\/media\/15851"}],"wp:attachment":[{"href":"https:\/\/scottysdoggoods.com\/en\/wp-json\/wp\/v2\/media?parent=15852"}],"wp:term":[{"taxonomy":"product_brand","embeddable":true,"href":"https:\/\/scottysdoggoods.com\/en\/wp-json\/wp\/v2\/product_brand?post=15852"},{"taxonomy":"product_cat","embeddable":true,"href":"https:\/\/scottysdoggoods.com\/en\/wp-json\/wp\/v2\/product_cat?post=15852"},{"taxonomy":"product_tag","embeddable":true,"href":"https:\/\/scottysdoggoods.com\/en\/wp-json\/wp\/v2\/product_tag?post=15852"},{"taxonomy":"giftcard-category","embeddable":true,"href":"https:\/\/scottysdoggoods.com\/en\/wp-json\/wp\/v2\/giftcard-category?post=15852"}],"curies":[{"name":"wp","href":"https:\/\/api.w.org\/{rel}","templated":true}]}}