{"id":15889,"date":"2024-11-12T18:43:53","date_gmt":"2024-11-12T16:43:53","guid":{"rendered":"https:\/\/scottysdoggoods.com\/?post_type=product&#038;p=15889"},"modified":"2025-12-02T01:00:35","modified_gmt":"2025-12-02T00:00:35","slug":"acme-alpha-whistles","status":"publish","type":"product","link":"https:\/\/scottysdoggoods.com\/en\/shop\/home\/other\/acme-alpha-whistles\/","title":{"rendered":"ACME ALPHA Whistles"},"content":{"rendered":"<p>The ACME ALPHA whistle<\/p>\n<p>Installed over four years in collaboration with trainers of world champions to create an unrivalled flute. Patented sound chambers offer more efficient use of air. That means clearer sound, giving you a better command and a more responsive dog, up close and at a distance. These brand new designs are effortless to blow and therefore give you the greatest flexibility to vary your breathing, your whistle style and your choice of commands. The all-over comfort grip offers softness in the mouth and perfect handling in all conditions. Across fields and hills, on the beach, in your local park or at home, this new range will ensure you lead your pack.<\/p>\n<p>\u2013<\/p>\n<p>The ACME ALPHA whistle<\/p>\n<p>Developed over four years in collaboration with World Champion trainers to create an unrivalled whistle. Patented sound chambers offer a more efficient use of air. That means brighter sound giving you better command and a more responsive dog, close- to and over distance. These all-new designs are effortless to blow and, because of that, give you the greatest flexibility to vary your breath, your whistling style and your choice of commands. The all over comfort grip offers softness in the mouth and perfect handling in all conditions. Over the fields and hills, on the beach, in your local park or at home this new range will ensure you lead your pack.<\/p>","protected":false},"excerpt":{"rendered":"<p>De ACME ALPHA-fluit Ge\u00efnstalleerd in vier jaar tijd in samenwerking met trainers van wereldkampioenen om een \u200b\u200bonge\u00ebvenaarde fluit te cre\u00ebren. Gepatenteerde geluidskamers bieden een effici\u00ebnter gebruik van lucht. Dat betekent helderder geluid, wat u een beter commando geeft en een beter reagerende hond, dichtbij en op afstand. Deze gloednieuwe ontwerpen zijn moeiteloos te blazen en [&hellip;]<\/p>\n","protected":false},"featured_media":15886,"comment_status":"open","ping_status":"closed","template":"","meta":[],"product_brand":[],"product_cat":[546,586],"product_tag":[693],"giftcard-category":[],"class_list":{"0":"post-15889","1":"product","2":"type-product","3":"status-publish","4":"has-post-thumbnail","6":"product_cat-home","7":"product_cat-other","8":"product_tag-ruff-and-tumble","9":"pa_merk-ruff-and-tumble","11":"first","12":"instock","13":"taxable","14":"shipping-taxable","15":"purchasable","16":"product-type-variable","17":"wvs-archive-product-wrapper"},"supplier_id":null,"supplier_sku":"","barcode":null,"atum_controlled":true,"out_stock_date":null,"out_stock_threshold":null,"inheritable":false,"inbound_stock":null,"stock_on_hold":0,"sold_today":0,"sales_last_days":0,"reserved_stock":null,"customer_returns":null,"warehouse_damage":null,"lost_in_post":null,"other_logs":null,"out_stock_days":0,"lost_sales":0,"has_location":null,"update_date":"2026-04-19T00:46:41","atum_locations":[],"atum_stock_status":"instock","restock_status":false,"low_stock_amount":"","sales_update_date":"2026-04-19T00:46:41","calc_backorders":null,"_links":{"self":[{"href":"https:\/\/scottysdoggoods.com\/en\/wp-json\/wp\/v2\/product\/15889","targetHints":{"allow":["GET"]}}],"collection":[{"href":"https:\/\/scottysdoggoods.com\/en\/wp-json\/wp\/v2\/product"}],"about":[{"href":"https:\/\/scottysdoggoods.com\/en\/wp-json\/wp\/v2\/types\/product"}],"replies":[{"embeddable":true,"href":"https:\/\/scottysdoggoods.com\/en\/wp-json\/wp\/v2\/comments?post=15889"}],"version-history":[{"count":1,"href":"https:\/\/scottysdoggoods.com\/en\/wp-json\/wp\/v2\/product\/15889\/revisions"}],"predecessor-version":[{"id":15898,"href":"https:\/\/scottysdoggoods.com\/en\/wp-json\/wp\/v2\/product\/15889\/revisions\/15898"}],"wp:featuredmedia":[{"embeddable":true,"href":"https:\/\/scottysdoggoods.com\/en\/wp-json\/wp\/v2\/media\/15886"}],"wp:attachment":[{"href":"https:\/\/scottysdoggoods.com\/en\/wp-json\/wp\/v2\/media?parent=15889"}],"wp:term":[{"taxonomy":"product_brand","embeddable":true,"href":"https:\/\/scottysdoggoods.com\/en\/wp-json\/wp\/v2\/product_brand?post=15889"},{"taxonomy":"product_cat","embeddable":true,"href":"https:\/\/scottysdoggoods.com\/en\/wp-json\/wp\/v2\/product_cat?post=15889"},{"taxonomy":"product_tag","embeddable":true,"href":"https:\/\/scottysdoggoods.com\/en\/wp-json\/wp\/v2\/product_tag?post=15889"},{"taxonomy":"giftcard-category","embeddable":true,"href":"https:\/\/scottysdoggoods.com\/en\/wp-json\/wp\/v2\/giftcard-category?post=15889"}],"curies":[{"name":"wp","href":"https:\/\/api.w.org\/{rel}","templated":true}]}}