{"id":17376,"date":"2024-12-05T18:36:41","date_gmt":"2024-12-05T16:36:41","guid":{"rendered":"https:\/\/scottysdoggoods.com\/?post_type=product&#038;p=17376"},"modified":"2025-12-02T01:00:35","modified_gmt":"2025-12-02T00:00:35","slug":"ceramic-bowl-dark-stone","status":"publish","type":"product","link":"https:\/\/scottysdoggoods.com\/en\/shop\/home\/feeders-lickmats\/ceramic-bowl-dark-stone\/","title":{"rendered":"Ceramic Bowl | dark stone"},"content":{"rendered":"<p>The ceramic berty bowl is made to enhance the comfort of your pet's meals and combine style with functionality. Perfect for serving delicious meals and fresh water, it stands out with a minimalist design that fits perfectly into any interior.<\/p>\n<p>The thoughtful shape of the vessel ensures stability and prevents tipping and spillage.<\/p>\n<p>Carefully made by a renowned Polish manufacturer, the Berta feeding bowl is an elegant and durable choice for feeding your dog, combining aesthetics with everyday practicality.<\/p>\n<p>Size<br \/>size S\/M: blade \u00d8 15 cm | bottom \u00d8 17,5 cm | H 8 cm size L: blade \u00d8 21 cm | bottom \u00d8 23,5 cm | H 9 cm<\/p>\n<p>Details<\/p>\n<p>A high-quality ceramic dog food bowl ensures stylish serving of every meal and fits perfectly into any interior! Its simple and functional shape offers exceptional comfort and prevents it from moving while eating or drinking. For extra stability, place the bowl on a bamboo tray*. The ceramic dog bowl is available in two shades: OYSTER and DARK STONE. Can be used in a microwave oven. Made in Poland (without the use of harmful substances such as cadmium and lead)<\/p>\n<p>*Bamboo tray is not included. They must be added to the cart separately. You can buy a set (two bowls and one tray included) and save 10%.<\/p>\n<p>Maintenance instructions<br \/>Wash in the dishwasher or by hand with soapy water.<\/p>\n<p>\u00a0<\/p>","protected":false},"excerpt":{"rendered":"<p>De keramische berty-kom is gemaakt om het comfort van de maaltijden van uw huisdier te vergroten en stijl met functionaliteit te combineren. Perfect voor het serveren van heerlijke maaltijden en vers water, hij onderscheidt zich door een minimalistisch ontwerp dat perfect in elk interieur past. De doordachte vorm van het vat zorgt voor stabiliteit en [&hellip;]<\/p>\n","protected":false},"featured_media":17373,"comment_status":"open","ping_status":"closed","template":"","meta":[],"product_brand":[],"product_cat":[552,546],"product_tag":[722],"giftcard-category":[],"class_list":{"0":"post-17376","1":"product","2":"type-product","3":"status-publish","4":"has-post-thumbnail","6":"product_cat-feeders-lickmats","7":"product_cat-home","8":"product_tag-berty","10":"first","11":"outofstock","12":"taxable","13":"shipping-taxable","14":"purchasable","15":"product-type-variable","16":"wvs-archive-product-wrapper"},"supplier_id":null,"supplier_sku":"","barcode":null,"atum_controlled":true,"out_stock_date":null,"out_stock_threshold":null,"inheritable":false,"inbound_stock":null,"stock_on_hold":0,"sold_today":0,"sales_last_days":0,"reserved_stock":null,"customer_returns":null,"warehouse_damage":null,"lost_in_post":null,"other_logs":null,"out_stock_days":0,"lost_sales":0,"has_location":null,"update_date":"2026-04-19T00:46:25","atum_locations":[],"atum_stock_status":"outofstock","restock_status":false,"low_stock_amount":"","sales_update_date":"2026-04-19T00:46:25","calc_backorders":null,"_links":{"self":[{"href":"https:\/\/scottysdoggoods.com\/en\/wp-json\/wp\/v2\/product\/17376","targetHints":{"allow":["GET"]}}],"collection":[{"href":"https:\/\/scottysdoggoods.com\/en\/wp-json\/wp\/v2\/product"}],"about":[{"href":"https:\/\/scottysdoggoods.com\/en\/wp-json\/wp\/v2\/types\/product"}],"replies":[{"embeddable":true,"href":"https:\/\/scottysdoggoods.com\/en\/wp-json\/wp\/v2\/comments?post=17376"}],"version-history":[{"count":2,"href":"https:\/\/scottysdoggoods.com\/en\/wp-json\/wp\/v2\/product\/17376\/revisions"}],"predecessor-version":[{"id":17606,"href":"https:\/\/scottysdoggoods.com\/en\/wp-json\/wp\/v2\/product\/17376\/revisions\/17606"}],"wp:featuredmedia":[{"embeddable":true,"href":"https:\/\/scottysdoggoods.com\/en\/wp-json\/wp\/v2\/media\/17373"}],"wp:attachment":[{"href":"https:\/\/scottysdoggoods.com\/en\/wp-json\/wp\/v2\/media?parent=17376"}],"wp:term":[{"taxonomy":"product_brand","embeddable":true,"href":"https:\/\/scottysdoggoods.com\/en\/wp-json\/wp\/v2\/product_brand?post=17376"},{"taxonomy":"product_cat","embeddable":true,"href":"https:\/\/scottysdoggoods.com\/en\/wp-json\/wp\/v2\/product_cat?post=17376"},{"taxonomy":"product_tag","embeddable":true,"href":"https:\/\/scottysdoggoods.com\/en\/wp-json\/wp\/v2\/product_tag?post=17376"},{"taxonomy":"giftcard-category","embeddable":true,"href":"https:\/\/scottysdoggoods.com\/en\/wp-json\/wp\/v2\/giftcard-category?post=17376"}],"curies":[{"name":"wp","href":"https:\/\/api.w.org\/{rel}","templated":true}]}}