{"id":20042,"date":"2025-03-04T15:04:25","date_gmt":"2025-03-04T13:04:25","guid":{"rendered":"https:\/\/scottysdoggoods.com\/?post_type=product&#038;p=20042"},"modified":"2025-12-12T12:47:47","modified_gmt":"2025-12-12T11:47:47","slug":"happy-feelings-lick-mat","status":"publish","type":"product","link":"https:\/\/scottysdoggoods.com\/en\/shop\/play\/enrichment-play\/happy-feelings-lick-mat\/","title":{"rendered":"Happy Feelings Lick Mat"},"content":{"rendered":"<p>Create a happy and calm experience for your pup with our Happy Feelings Lick Mat &amp; Slow Feeder (that's right, this is a two-in-one).<\/p>\n<p>Made of high-quality silicone, it is completely free of chemicals such as BPA, BPS and other phthalates, so you can safely smear spreadable treats over the surface to keep your pup happy, busy and occupied with licking.<\/p>\n<p>Or use as a slow feeder during meal times. With suction cups on the back, our Pupwell Lick Mats can be easily attached to floors or walls to reinforce positive, happy feelings during your dog grooming regime.<\/p>","protected":false},"excerpt":{"rendered":"<p>Cre\u00eber een gelukkige en rustige ervaring voor uw pup met onze Happy Feelings Lick Mat &amp; Slow Feeder (dat klopt, dit is een twee-in-\u00e9\u00e9n). Gemaakt van hoogwaardig siliconen, het is volledig vrij van chemicali\u00ebn zoals BPA, BPS en andere ftalaten, dus u kunt veilig smeerbare lekkernijen over het oppervlak smeren om uw pup blij, bezig [&hellip;]<\/p>\n","protected":false},"featured_media":20031,"comment_status":"closed","ping_status":"closed","template":"","meta":[],"product_brand":[],"product_cat":[558,552,546,544,545],"product_tag":[818],"giftcard-category":[],"class_list":{"0":"post-20042","1":"product","2":"type-product","3":"status-publish","4":"has-post-thumbnail","6":"product_cat-enrichment-play","7":"product_cat-feeders-lickmats","8":"product_cat-home","9":"product_cat-new-arrivals","10":"product_cat-play","11":"product_tag-pupwell","13":"first","14":"instock","15":"sale","16":"taxable","17":"shipping-taxable","18":"purchasable","19":"product-type-variable","20":"wvs-archive-product-wrapper"},"supplier_id":null,"supplier_sku":"","barcode":null,"atum_controlled":true,"out_stock_date":null,"out_stock_threshold":null,"inheritable":false,"inbound_stock":null,"stock_on_hold":0,"sold_today":0,"sales_last_days":0,"reserved_stock":null,"customer_returns":null,"warehouse_damage":null,"lost_in_post":null,"other_logs":null,"out_stock_days":0,"lost_sales":0,"has_location":null,"update_date":"2026-04-18T00:45:49","atum_locations":[],"atum_stock_status":"instock","restock_status":false,"low_stock_amount":"","sales_update_date":"2026-04-18T00:45:49","calc_backorders":null,"_links":{"self":[{"href":"https:\/\/scottysdoggoods.com\/en\/wp-json\/wp\/v2\/product\/20042","targetHints":{"allow":["GET"]}}],"collection":[{"href":"https:\/\/scottysdoggoods.com\/en\/wp-json\/wp\/v2\/product"}],"about":[{"href":"https:\/\/scottysdoggoods.com\/en\/wp-json\/wp\/v2\/types\/product"}],"replies":[{"embeddable":true,"href":"https:\/\/scottysdoggoods.com\/en\/wp-json\/wp\/v2\/comments?post=20042"}],"version-history":[{"count":3,"href":"https:\/\/scottysdoggoods.com\/en\/wp-json\/wp\/v2\/product\/20042\/revisions"}],"predecessor-version":[{"id":24547,"href":"https:\/\/scottysdoggoods.com\/en\/wp-json\/wp\/v2\/product\/20042\/revisions\/24547"}],"wp:featuredmedia":[{"embeddable":true,"href":"https:\/\/scottysdoggoods.com\/en\/wp-json\/wp\/v2\/media\/20031"}],"wp:attachment":[{"href":"https:\/\/scottysdoggoods.com\/en\/wp-json\/wp\/v2\/media?parent=20042"}],"wp:term":[{"taxonomy":"product_brand","embeddable":true,"href":"https:\/\/scottysdoggoods.com\/en\/wp-json\/wp\/v2\/product_brand?post=20042"},{"taxonomy":"product_cat","embeddable":true,"href":"https:\/\/scottysdoggoods.com\/en\/wp-json\/wp\/v2\/product_cat?post=20042"},{"taxonomy":"product_tag","embeddable":true,"href":"https:\/\/scottysdoggoods.com\/en\/wp-json\/wp\/v2\/product_tag?post=20042"},{"taxonomy":"giftcard-category","embeddable":true,"href":"https:\/\/scottysdoggoods.com\/en\/wp-json\/wp\/v2\/giftcard-category?post=20042"}],"curies":[{"name":"wp","href":"https:\/\/api.w.org\/{rel}","templated":true}]}}