{"id":20550,"date":"2025-04-18T12:09:20","date_gmt":"2025-04-18T11:09:20","guid":{"rendered":"https:\/\/scottysdoggoods.com\/shop\/niet-gecategoriseerd\/lambwolf-collective-crepe\/"},"modified":"2026-04-16T09:53:50","modified_gmt":"2026-04-16T08:53:50","slug":"lambwolf-collective-crepe","status":"publish","type":"product","link":"https:\/\/scottysdoggoods.com\/en\/shop\/play\/toys-play\/lambwolf-collective-crepe\/","title":{"rendered":"Lambwolf Collective | Crepe"},"content":{"rendered":"<p>Treat your furry friend to some delicious playtime with our sniff and squeak crepe! This adorable toy mimics a delicious crepe, complete with a clever slot to hide treats between the crepe and the textured paper wrapping. Your pup will love the challenge of tracking down his hidden treats!<\/p>\n<p>Approximately 14 x 10 cm<\/p>\n<p>Every puppy plays differently and we recommend you pay close attention, especially when you first introduce a new play object. No toy is completely indestructible, so supervise during play to ensure safety if you know your pup is not careful with toys.<\/p>","protected":false},"excerpt":{"rendered":"<p>Trakteer je harige vriend op een heerlijke speeltijd met onze snuffel- en piepcr\u00eape! Dit schattige speeltje bootst een heerlijke cr\u00eape na, compleet met een slimme gleuf om snoepjes te verstoppen tussen de cr\u00eape en de getextureerde papieren verpakking. Je pup zal de uitdaging van het opsporen van zijn verstopte lekkernijen geweldig vinden! Ongeveer 14 x [&hellip;]<\/p>\n","protected":false},"featured_media":20548,"comment_status":"closed","ping_status":"closed","template":"","meta":[],"product_brand":[],"product_cat":[544,545,583],"product_tag":[747],"giftcard-category":[],"class_list":{"0":"post-20550","1":"product","2":"type-product","3":"status-publish","4":"has-post-thumbnail","6":"product_cat-new-arrivals","7":"product_cat-play","8":"product_cat-toys-play","9":"product_tag-lambwolf-collective","11":"first","12":"instock","13":"taxable","14":"shipping-taxable","15":"purchasable","16":"product-type-simple"},"supplier_id":null,"supplier_sku":"","barcode":null,"atum_controlled":true,"out_stock_date":null,"out_stock_threshold":null,"inheritable":false,"inbound_stock":null,"stock_on_hold":0,"sold_today":0,"sales_last_days":0,"reserved_stock":null,"customer_returns":null,"warehouse_damage":null,"lost_in_post":null,"other_logs":null,"out_stock_days":0,"lost_sales":0,"has_location":null,"update_date":"2026-04-18T00:46:20","atum_locations":[],"atum_stock_status":"instock","restock_status":false,"low_stock_amount":"","sales_update_date":"2026-04-18T00:46:20","calc_backorders":null,"_links":{"self":[{"href":"https:\/\/scottysdoggoods.com\/en\/wp-json\/wp\/v2\/product\/20550","targetHints":{"allow":["GET"]}}],"collection":[{"href":"https:\/\/scottysdoggoods.com\/en\/wp-json\/wp\/v2\/product"}],"about":[{"href":"https:\/\/scottysdoggoods.com\/en\/wp-json\/wp\/v2\/types\/product"}],"replies":[{"embeddable":true,"href":"https:\/\/scottysdoggoods.com\/en\/wp-json\/wp\/v2\/comments?post=20550"}],"version-history":[{"count":1,"href":"https:\/\/scottysdoggoods.com\/en\/wp-json\/wp\/v2\/product\/20550\/revisions"}],"predecessor-version":[{"id":20558,"href":"https:\/\/scottysdoggoods.com\/en\/wp-json\/wp\/v2\/product\/20550\/revisions\/20558"}],"wp:featuredmedia":[{"embeddable":true,"href":"https:\/\/scottysdoggoods.com\/en\/wp-json\/wp\/v2\/media\/20548"}],"wp:attachment":[{"href":"https:\/\/scottysdoggoods.com\/en\/wp-json\/wp\/v2\/media?parent=20550"}],"wp:term":[{"taxonomy":"product_brand","embeddable":true,"href":"https:\/\/scottysdoggoods.com\/en\/wp-json\/wp\/v2\/product_brand?post=20550"},{"taxonomy":"product_cat","embeddable":true,"href":"https:\/\/scottysdoggoods.com\/en\/wp-json\/wp\/v2\/product_cat?post=20550"},{"taxonomy":"product_tag","embeddable":true,"href":"https:\/\/scottysdoggoods.com\/en\/wp-json\/wp\/v2\/product_tag?post=20550"},{"taxonomy":"giftcard-category","embeddable":true,"href":"https:\/\/scottysdoggoods.com\/en\/wp-json\/wp\/v2\/giftcard-category?post=20550"}],"curies":[{"name":"wp","href":"https:\/\/api.w.org\/{rel}","templated":true}]}}