{"id":26970,"date":"2026-05-02T17:22:26","date_gmt":"2026-05-02T16:22:26","guid":{"rendered":"https:\/\/scottysdoggoods.com\/?post_type=product&#038;p=26970"},"modified":"2026-05-02T18:38:14","modified_gmt":"2026-05-02T17:38:14","slug":"cod-skin","status":"publish","type":"product","link":"https:\/\/scottysdoggoods.com\/en\/shop\/eat\/treats\/cod-skin\/","title":{"rendered":"Cod Skin"},"content":{"rendered":"<section class=\"text-token-text-primary w-full focus:outline-none [--shadow-height:45px] has-data-writing-block:pointer-events-none has-data-writing-block:-mt-(--shadow-height) has-data-writing-block:pt-(--shadow-height) [&amp;:has([data-writing-block])&gt;*]:pointer-events-auto [content-visibility:auto] supports-[content-visibility:auto]:[contain-intrinsic-size:auto_100lvh] R6Vx5W_threadScrollVars scroll-mb-[calc(var(--scroll-root-safe-area-inset-bottom,0px)+var(--thread-response-height))] scroll-mt-[calc(var(--header-height)+min(200px,max(70px,20svh)))]\" dir=\"auto\" data-turn-id=\"request-WEB:07124a39-0f4c-4621-ab63-efe3ec765877-0\" data-testid=\"conversation-turn-2\" data-scroll-anchor=\"false\" data-turn=\"assistant\">\n<div class=\"text-base my-auto mx-auto pb-10 [--thread-content-margin:var(--thread-content-margin-xs,calc(var(--spacing)*4))] @w-sm\/main:[--thread-content-margin:var(--thread-content-margin-sm,calc(var(--spacing)*6))] @w-lg\/main:[--thread-content-margin:var(--thread-content-margin-lg,calc(var(--spacing)*16))] px-(--thread-content-margin)\">\n<div class=\"[--thread-content-max-width:40rem] @w-lg\/main:[--thread-content-max-width:48rem] mx-auto max-w-(--thread-content-max-width) flex-1 group\/turn-messages focus-visible:outline-hidden relative flex w-full min-w-0 flex-col agent-turn\">\n<div class=\"flex max-w-full flex-col gap-4 grow\">\n<div class=\"min-h-8 text-message relative flex w-full flex-col items-end gap-2 text-start break-words whitespace-normal outline-none keyboard-focused:focus-ring [.text-message+&amp;]:mt-1\" dir=\"auto\" tabindex=\"0\" data-message-author-role=\"assistant\" data-message-id=\"6e7f4164-7e8d-4b71-a955-a4b7b8814c30\" data-message-model-slug=\"gpt-5-3\" data-turn-start-message=\"true\">\n<div class=\"flex w-full flex-col gap-1 empty:hidden\">\n<div class=\"markdown prose dark:prose-invert w-full wrap-break-word light markdown-new-styling\">\n<p data-start=\"0\" data-end=\"384\" data-is-last-node=\"\" data-is-only-node=\"\">Code Skin Snack voor honden is een smakelijke en voedzame traktatie die speciaal is ontwikkeld om de huid en vacht van je hond te ondersteunen. Deze snack bevat zorgvuldig geselecteerde ingredi\u00ebnten, zoals essenti\u00eble vetzuren en vitaminen, die bijdragen aan een gezonde, glanzende vacht en een sterke huidbarri\u00e8re. Ideaal als dagelijkse beloning \u00e9n als extra verzorging van binnenuit. <strong>500 grams per bag<\/strong><\/p>\n<\/div>\n<\/div>\n<\/div>\n<\/div>\n<div class=\"z-0 flex min-h-[46px] justify-start\">\n<p><strong>Ingredi\u00ebnten<\/strong><\/p>\n<p>100% Kabeljauw<\/p>\n<p><strong>Analyse<\/strong><\/p>\n<p>Ruw eiwit 80,9%, Ruw vet 3,3%, Ruwe As 8,0%, Ruwe Celstof 0,3%, Vocht 7,5%<\/p>\n<\/div>\n<div class=\"mt-3 w-full empty:hidden\">\n<div class=\"text-center\"><\/div>\n<\/div>\n<\/div>\n<\/div>\n<\/section>\n<div class=\"pointer-events-none -mt-px h-px translate-y-[calc(var(--scroll-root-safe-area-inset-bottom)-14*var(--spacing))]\" aria-hidden=\"true\"><\/div>\n","protected":false},"excerpt":{"rendered":"<p>Code Skin Snack voor honden is een smakelijke en voedzame traktatie die speciaal is ontwikkeld om de huid en vacht van je hond te ondersteunen. Deze snack bevat zorgvuldig geselecteerde ingredi\u00ebnten, zoals essenti\u00eble vetzuren en vitaminen, die bijdragen aan een gezonde, glanzende vacht en een sterke huidbarri\u00e8re. Ideaal als dagelijkse beloning \u00e9n als extra verzorging [&hellip;]<\/p>\n","protected":false},"featured_media":0,"comment_status":"closed","ping_status":"closed","template":"","meta":[],"product_brand":[],"product_cat":[157,786,285],"product_tag":[770],"giftcard-category":[],"class_list":{"0":"post-26970","1":"product","2":"type-product","3":"status-publish","5":"product_cat-eat","6":"product_cat-sdg-products","7":"product_cat-treats","8":"product_tag-scottys-dog-goods","10":"first","11":"instock","12":"taxable","13":"shipping-taxable","14":"purchasable","15":"product-type-simple"},"supplier_id":null,"supplier_sku":"","barcode":null,"atum_controlled":true,"out_stock_date":null,"out_stock_threshold":null,"inheritable":false,"inbound_stock":0,"stock_on_hold":0,"sold_today":0,"sales_last_days":1,"reserved_stock":null,"customer_returns":null,"warehouse_damage":null,"lost_in_post":null,"other_logs":null,"out_stock_days":0,"lost_sales":0,"has_location":false,"update_date":"2026-05-06T00:59:18","atum_locations":[],"atum_stock_status":"instock","restock_status":false,"low_stock_amount":"","sales_update_date":"2026-05-06T00:59:18","calc_backorders":null,"_links":{"self":[{"href":"https:\/\/scottysdoggoods.com\/en\/wp-json\/wp\/v2\/product\/26970","targetHints":{"allow":["GET"]}}],"collection":[{"href":"https:\/\/scottysdoggoods.com\/en\/wp-json\/wp\/v2\/product"}],"about":[{"href":"https:\/\/scottysdoggoods.com\/en\/wp-json\/wp\/v2\/types\/product"}],"replies":[{"embeddable":true,"href":"https:\/\/scottysdoggoods.com\/en\/wp-json\/wp\/v2\/comments?post=26970"}],"version-history":[{"count":1,"href":"https:\/\/scottysdoggoods.com\/en\/wp-json\/wp\/v2\/product\/26970\/revisions"}],"predecessor-version":[{"id":26971,"href":"https:\/\/scottysdoggoods.com\/en\/wp-json\/wp\/v2\/product\/26970\/revisions\/26971"}],"wp:attachment":[{"href":"https:\/\/scottysdoggoods.com\/en\/wp-json\/wp\/v2\/media?parent=26970"}],"wp:term":[{"taxonomy":"product_brand","embeddable":true,"href":"https:\/\/scottysdoggoods.com\/en\/wp-json\/wp\/v2\/product_brand?post=26970"},{"taxonomy":"product_cat","embeddable":true,"href":"https:\/\/scottysdoggoods.com\/en\/wp-json\/wp\/v2\/product_cat?post=26970"},{"taxonomy":"product_tag","embeddable":true,"href":"https:\/\/scottysdoggoods.com\/en\/wp-json\/wp\/v2\/product_tag?post=26970"},{"taxonomy":"giftcard-category","embeddable":true,"href":"https:\/\/scottysdoggoods.com\/en\/wp-json\/wp\/v2\/giftcard-category?post=26970"}],"curies":[{"name":"wp","href":"https:\/\/api.w.org\/{rel}","templated":true}]}}